{"id":31759,"date":"2023-10-30T07:19:26","date_gmt":"2023-10-30T06:19:26","guid":{"rendered":"https:\/\/ichp.lukasiewicz.gov.pl\/certificates\/"},"modified":"2026-03-09T11:12:59","modified_gmt":"2026-03-09T10:12:59","slug":"certificates","status":"publish","type":"page","link":"https:\/\/ichp.lukasiewicz.gov.pl\/en\/certificates\/","title":{"rendered":"Certificates"},"content":{"rendered":"\t\t<div data-elementor-type=\"wp-page\" data-elementor-id=\"31759\" class=\"elementor elementor-31759 elementor-15267\" data-elementor-post-type=\"page\">\n\t\t\t\t\t\t<section class=\"elementor-section elementor-top-section elementor-element elementor-element-70f54b5 elementor-section-boxed elementor-section-height-default elementor-section-height-default\" data-id=\"70f54b5\" data-element_type=\"section\" data-e-type=\"section\">\n\t\t\t\t\t\t<div class=\"elementor-container elementor-column-gap-default\">\n\t\t\t\t\t<div class=\"elementor-column elementor-col-100 elementor-top-column elementor-element elementor-element-63012fb\" data-id=\"63012fb\" data-element_type=\"column\" data-e-type=\"column\">\n\t\t\t<div class=\"elementor-widget-wrap elementor-element-populated\">\n\t\t\t\t\t\t<div class=\"elementor-element elementor-element-97dfd31 elementor-widget elementor-widget-spacer\" data-id=\"97dfd31\" data-element_type=\"widget\" data-e-type=\"widget\" data-widget_type=\"spacer.default\">\n\t\t\t\t<div class=\"elementor-widget-container\">\n\t\t\t\t\t\t\t<div class=\"elementor-spacer\">\n\t\t\t<div class=\"elementor-spacer-inner\"><\/div>\n\t\t<\/div>\n\t\t\t\t\t\t<\/div>\n\t\t\t\t<\/div>\n\t\t\t\t<div class=\"elementor-element elementor-element-e24f369 elementor-widget__width-initial elementor-widget elementor-widget-heading\" data-id=\"e24f369\" data-element_type=\"widget\" data-e-type=\"widget\" data-widget_type=\"heading.default\">\n\t\t\t\t<div class=\"elementor-widget-container\">\n\t\t\t\t\t<h2 class=\"elementor-heading-title elementor-size-default\">Certificates<\/h2>\t\t\t\t<\/div>\n\t\t\t\t<\/div>\n\t\t\t\t<section class=\"elementor-section elementor-inner-section elementor-element elementor-element-74a5767 elementor-section-boxed elementor-section-height-default elementor-section-height-default\" data-id=\"74a5767\" data-element_type=\"section\" data-e-type=\"section\">\n\t\t\t\t\t\t<div class=\"elementor-container elementor-column-gap-default\">\n\t\t\t\t\t<div class=\"elementor-column elementor-col-50 elementor-inner-column elementor-element elementor-element-a4adda7\" data-id=\"a4adda7\" data-element_type=\"column\" data-e-type=\"column\">\n\t\t\t<div class=\"elementor-widget-wrap elementor-element-populated\">\n\t\t\t\t\t\t<div class=\"elementor-element elementor-element-28e7c60 elementor-widget__width-initial elementor-widget elementor-widget-text-editor\" data-id=\"28e7c60\" data-element_type=\"widget\" data-e-type=\"widget\" data-widget_type=\"text-editor.default\">\n\t\t\t\t<div class=\"elementor-widget-container\">\n\t\t\t\t\t\t\t\t\t<h3>We invite you to cooperate with us in the comprehensive development and implementation of medicinal product manufacturing technologies:<br>&#8211; development of active substance synthesis<br>&#8211; active substance manufacturing<br>&#8211; development of drug form manufacturing technology<br>&#8211; analytical testing; marketing authorisation. <\/h3>\t\t\t\t\t\t\t\t<\/div>\n\t\t\t\t<\/div>\n\t\t\t\t<div class=\"elementor-element elementor-element-f4cb951 elementor-widget elementor-widget-spacer\" data-id=\"f4cb951\" data-element_type=\"widget\" data-e-type=\"widget\" data-widget_type=\"spacer.default\">\n\t\t\t\t<div class=\"elementor-widget-container\">\n\t\t\t\t\t\t\t<div class=\"elementor-spacer\">\n\t\t\t<div class=\"elementor-spacer-inner\"><\/div>\n\t\t<\/div>\n\t\t\t\t\t\t<\/div>\n\t\t\t\t<\/div>\n\t\t\t\t\t<\/div>\n\t\t<\/div>\n\t\t\t\t<div class=\"elementor-column elementor-col-50 elementor-inner-column elementor-element elementor-element-27e04db\" data-id=\"27e04db\" data-element_type=\"column\" data-e-type=\"column\">\n\t\t\t<div class=\"elementor-widget-wrap elementor-element-populated\">\n\t\t\t\t\t\t<div class=\"elementor-element elementor-element-1c551bc elementor-widget__width-initial elementor-widget elementor-widget-image\" data-id=\"1c551bc\" data-element_type=\"widget\" data-e-type=\"widget\" data-widget_type=\"image.default\">\n\t\t\t\t<div class=\"elementor-widget-container\">\n\t\t\t\t\t\t\t\t\t\t\t\t\t\t\t<img fetchpriority=\"high\" decoding=\"async\" width=\"580\" height=\"387\" src=\"https:\/\/ichp.lukasiewicz.gov.pl\/wp-content\/uploads\/sites\/23\/2026\/02\/Certyfikacja-1024x683.png\" class=\"attachment-large size-large wp-image-31244\" alt=\"\" srcset=\"https:\/\/ichp.lukasiewicz.gov.pl\/wp-content\/uploads\/sites\/23\/2026\/02\/Certyfikacja-1024x683.png 1024w, https:\/\/ichp.lukasiewicz.gov.pl\/wp-content\/uploads\/sites\/23\/2026\/02\/Certyfikacja-300x200.png 300w, https:\/\/ichp.lukasiewicz.gov.pl\/wp-content\/uploads\/sites\/23\/2026\/02\/Certyfikacja-768x512.png 768w, https:\/\/ichp.lukasiewicz.gov.pl\/wp-content\/uploads\/sites\/23\/2026\/02\/Certyfikacja-1200x800.png 1200w, https:\/\/ichp.lukasiewicz.gov.pl\/wp-content\/uploads\/sites\/23\/2026\/02\/Certyfikacja-24x16.png 24w, https:\/\/ichp.lukasiewicz.gov.pl\/wp-content\/uploads\/sites\/23\/2026\/02\/Certyfikacja-36x24.png 36w, https:\/\/ichp.lukasiewicz.gov.pl\/wp-content\/uploads\/sites\/23\/2026\/02\/Certyfikacja-48x32.png 48w, https:\/\/ichp.lukasiewicz.gov.pl\/wp-content\/uploads\/sites\/23\/2026\/02\/Certyfikacja.png 1536w\" sizes=\"(max-width: 580px) 100vw, 580px\" \/>\t\t\t\t\t\t\t\t\t\t\t\t\t\t\t<\/div>\n\t\t\t\t<\/div>\n\t\t\t\t\t<\/div>\n\t\t<\/div>\n\t\t\t\t\t<\/div>\n\t\t<\/section>\n\t\t\t\t<div class=\"elementor-element elementor-element-74e736f elementor-widget-divider--view-line elementor-widget elementor-widget-divider\" data-id=\"74e736f\" data-element_type=\"widget\" data-e-type=\"widget\" data-widget_type=\"divider.default\">\n\t\t\t\t<div class=\"elementor-widget-container\">\n\t\t\t\t\t\t\t<div class=\"elementor-divider\">\n\t\t\t<span class=\"elementor-divider-separator\">\n\t\t\t\t\t\t<\/span>\n\t\t<\/div>\n\t\t\t\t\t\t<\/div>\n\t\t\t\t<\/div>\n\t\t\t\t\t<\/div>\n\t\t<\/div>\n\t\t\t\t\t<\/div>\n\t\t<\/section>\n\t\t\t\t<section class=\"elementor-section elementor-top-section elementor-element elementor-element-5244e1c elementor-section-boxed elementor-section-height-default elementor-section-height-default\" data-id=\"5244e1c\" data-element_type=\"section\" data-e-type=\"section\">\n\t\t\t\t\t\t<div class=\"elementor-container elementor-column-gap-default\">\n\t\t\t\t\t<div class=\"elementor-column elementor-col-100 elementor-top-column elementor-element elementor-element-5507506\" data-id=\"5507506\" data-element_type=\"column\" data-e-type=\"column\">\n\t\t\t<div class=\"elementor-widget-wrap elementor-element-populated\">\n\t\t\t\t\t\t<div class=\"elementor-element elementor-element-9aa4199 elementor-widget elementor-widget-text-editor\" data-id=\"9aa4199\" data-element_type=\"widget\" data-e-type=\"widget\" data-widget_type=\"text-editor.default\">\n\t\t\t\t<div class=\"elementor-widget-container\">\n\t\t\t\t\t\t\t\t\t<p>Research and development documentation is prepared in accordance with applicable GMP and GLP requirements. We offer <strong><span style=\"text-decoration: underline\"><a href=\"https:\/\/ichp.lukasiewicz.gov.pl\/en\/commercial-api-production\/\" target=\"_blank\" rel=\"noopener\">a wide range of APIs <\/a><\/span><\/strong>(active pharmaceutical ingredients) manufactured under certified GMP conditions and holding GIF certificates. <\/p><p>Oferujemy r\u00f3wnie\u017c us\u0142ugi <span style=\"text-decoration: underline\"><strong><a href=\"https:\/\/ichp.lukasiewicz.gov.pl\/en\/pharmaceutical-analysis-laboratory-2\/\" target=\"_blank\" rel=\"noopener\">Sekcji Analityki Chemicznej<\/a><\/strong><\/span> (Laboratorium Analityki Farmaceutycznej), posiadaj\u0105cej Certyfikat Systemu Zarz\u0105dzania zgodny z norm\u0105 ISO 9001.<\/p>\t\t\t\t\t\t\t\t<\/div>\n\t\t\t\t<\/div>\n\t\t\t\t\t<\/div>\n\t\t<\/div>\n\t\t\t\t\t<\/div>\n\t\t<\/section>\n\t\t\t\t<section class=\"elementor-section elementor-top-section elementor-element elementor-element-4e43e08 elementor-section-boxed elementor-section-height-default elementor-section-height-default\" data-id=\"4e43e08\" data-element_type=\"section\" data-e-type=\"section\">\n\t\t\t\t\t\t<div class=\"elementor-container elementor-column-gap-default\">\n\t\t\t\t\t<div class=\"elementor-column elementor-col-66 elementor-top-column elementor-element elementor-element-0c52cc3\" data-id=\"0c52cc3\" data-element_type=\"column\" data-e-type=\"column\">\n\t\t\t<div class=\"elementor-widget-wrap elementor-element-populated\">\n\t\t\t\t\t\t<div class=\"elementor-element elementor-element-f8c1ccc elementor-widget__width-initial elementor-widget elementor-widget-text-editor\" data-id=\"f8c1ccc\" data-element_type=\"widget\" data-e-type=\"widget\" data-widget_type=\"text-editor.default\">\n\t\t\t\t<div class=\"elementor-widget-container\">\n\t\t\t\t\t\t\t\t\t<h4><span style=\"color: #46d600\"><strong>Good Manufacturing Practice Certificate (GMP)<\/strong><\/span><\/h4><p><span style=\"color: #000000\">Confirming compliance of manufacturing conditions with GMP requirements for tested medicinal products intended for human use<\/span><\/p><p><span style=\"color: #000000\">Publisher: Chief Pharmaceutical Inspector (GIF)<\/span><br><span style=\"color: #000000\">Certificate No.: ISF.405.93.2025.MP.5; WTC\/0079_01_01\/203<\/span><\/p><p><span style=\"color: #000000\"><a style=\"color: #000000\" href=\"https:\/\/ichp.lukasiewicz.gov.pl\/wp-content\/uploads\/sites\/23\/2026\/03\/1-Certyfikat-GMP_badany-produkt-leczniczy_pl.pdf\" target=\"_blank\" rel=\"noopener\"><span style=\"text-decoration: underline\">Download<\/span><\/a><\/span><\/p><h4><span style=\"color: #46d600\"><strong>Good Manufacturing Practice Certificate (GMP)<\/strong><\/span><\/h4><p><span style=\"color: #000000\">Confirming compliance of manufacturing conditions with GMP requirements for medicinal products intended for human use<\/span><\/p><p><span style=\"color: #000000\">Publisher: Chief Pharmaceutical Inspector (GIF)<\/span><br><span style=\"color: #000000\">Certificate No.: ISF.405.93.2025.MP.4; WTC\/0079_01_01\/202<\/span><\/p><p><span style=\"color: #000000\"><a style=\"color: #000000\" href=\"https:\/\/ichp.lukasiewicz.gov.pl\/wp-content\/uploads\/sites\/23\/2026\/03\/4-Certyfikat-GMP_produkt-leczniczy-dla-ludzi_pl.pdf\" target=\"_blank\" rel=\"noopener\"><span style=\"text-decoration: underline\">Download<\/span><\/a><\/span><\/p><h4><span style=\"color: #46d600\"><strong>Good Manufacturing Practice Certificate (GMP)<\/strong><\/span><\/h4><p><span style=\"color: #000000\">Confirming the quality of active substance manufacturing: Alfacalcidol, Calcifediol hydroxide, Tacalcitol hydroxide, Anastrozole, Latanoprost, Imatinib mesylate, Carvedilol, Cladribine, Sunitinib malate <\/span><\/p><p><span style=\"color: #000000\">Publisher: Chief Pharmaceutical Inspector (GIF)<\/span><br><span style=\"color: #000000\">Certificate No.: IWSF.405.47.2023.IP.1.1; WTC\/0079_01_02\/90<\/span><\/p><p><span style=\"color: #000000\"><a style=\"color: #000000\" href=\"https:\/\/ichp.lukasiewicz.gov.pl\/wp-content\/uploads\/sites\/23\/2026\/03\/6-Certyfikat-GMP.pdf\" target=\"_blank\" rel=\"noopener\"><span style=\"text-decoration: underline\">Download<\/span><\/a><\/span><\/p><h4><span style=\"color: #46d600\"><strong>Good Manufacturing Practice Certificate (GMP)<\/strong><\/span><\/h4><p><span style=\"color: #000000\">Confirming compliance of manufacturing conditions with GMP requirements for veterinary medicinal products<\/span><\/p><p><span style=\"color: #000000\">Publisher: Chief Pharmaceutical Inspector (GIF)<\/span><br><span style=\"color: #000000\">Certificate No.: ISF.405.93.2025.MP.3; WTC\/0034_01_01\/201<\/span><\/p><p><span style=\"color: #000000\"><span style=\"text-decoration: underline\"><a href=\"https:\/\/ichp.lukasiewicz.gov.pl\/wp-content\/uploads\/sites\/23\/2026\/03\/7-Certyfikat-GMP_-weterynaryjny-produkt-leczniczy_pl.pdf\" target=\"_blank\" rel=\"noopener\">Download<\/a><\/span><\/span><\/p><h4><span style=\"color: #46d600\"><strong>Good Manufacturing Practice Certificate (GMP)<\/strong><\/span><\/h4><p><span style=\"color: #000000\">Confirming compliance of manufacturing conditions with GMP requirements for medicinal products intended for human use<\/span><\/p><p><span style=\"color: #000000\">Publisher: Chief Pharmaceutical Inspector (GIF)<\/span><br><span style=\"color: #000000\">Certificate No.: ISF.405.93.2025.MP.2; WTC\/0034_01_01\/200<\/span><\/p><p><a href=\"https:\/\/ichp.lukasiewicz.gov.pl\/wp-content\/uploads\/sites\/23\/2026\/03\/8-Certyfikat-GMP_badany-produkt-leczniczy_pl-1.pdf\" target=\"_blank\" rel=\"noopener\"><span style=\"color: #000000\"><span style=\"text-decoration: underline\">Download<\/span><\/span><\/a><\/p><h4><span style=\"color: #46d600\"><strong>Good Manufacturing Practice Certificate (GMP)<\/strong><\/span><\/h4><p><span style=\"color: #000000\">Confirming compliance of manufacturing conditions with GMP requirements for medicinal products intended for human use<\/span><\/p><p><span style=\"color: #000000\">Publisher: Chief Pharmaceutical Inspector (GIF)<\/span><br><span style=\"color: #000000\">Certificate No.: ISF.405.93.2025.MP.1; WTC\/0034_01_01\/199<\/span><\/p><p><a href=\"https:\/\/ichp.lukasiewicz.gov.pl\/wp-content\/uploads\/sites\/23\/2026\/03\/11-Certyfikat-GMP_produkt-leczniczy-dla-ludzi_pl.pdf\" target=\"_blank\" rel=\"noopener\"><span style=\"color: #000000\"><span style=\"text-decoration: underline\">Download<\/span><\/span><\/a><\/p><h4><span style=\"color: #46d600\"><strong>Accreditation in Japan<\/strong><\/span><\/h4><p><span style=\"color: #000000\">Accreditation of foreign manufacturers of medicinal products<\/span><\/p><p><span style=\"color: #000000\">Publisher: Ministry of Health, Labour and Welfare, Japan<\/span><br><span style=\"color: #000000\">Certificate No.: AG22300014<\/span><\/p><p><a href=\"https:\/\/ichp.lukasiewicz.gov.pl\/wp-content\/uploads\/sites\/23\/2026\/03\/13-Akredytacja-Japonia-LUKASIEWICZ_AG22300014.pdf\" target=\"_blank\" rel=\"noopener\"><span style=\"color: #000000\"><span style=\"text-decoration: underline\">Download<\/span><\/span><\/a><\/p><h4><span style=\"color: #46d600\"><strong>Management System Certificate compliant with ISO 9001<\/strong><\/span><\/h4><p>Analizy chemiczne i badania analityczne.<br>Dla: Laboratorium Analityki Farmaceutycznej, Sekcja Analizy Chemicznej <\/p><p>Publisher: DNV<br>Certificate number: 253644-2018-AQ-POL-RvA<\/p><p><a href=\"https:\/\/ichp.lukasiewicz.gov.pl\/wp-content\/uploads\/sites\/23\/2024\/02\/ISO-9001-253644-2018-AQ-POL-RvA-4-pl-PL-20240131-20240131062700.pdf\" target=\"_blank\" rel=\"noopener\"><span style=\"text-decoration: underline\">Download<\/span><\/a><\/p><h4><span style=\"color: #46d600\"><strong>CEP Certificate<\/strong><\/span><\/h4><p>Certificate of Conformity with the European Pharmacopoeia for the substance: Calcifediol Monohydrate<br>Certificate No.: R0-CEP 2022-335 \u2013 Rev 00<\/p><h4><span style=\"color: #46d600\"><strong>CEP Certificate<\/strong><\/span><\/h4><p>Certificate of Conformity with the European Pharmacopoeia for the substance: Alfacalcidol<br><span style=\"color: #000000\">Certificate No.: R1-CEP 2000-399 \u2013 Rev 05<\/span><\/p><h4><span style=\"color: #46d600\"><strong>CEP Certificate<\/strong><\/span><\/h4><p>Certificate of Conformity with the European Pharmacopoeia for the substance: Takalcitol Monohydrate<br>Certificate No.: R0-CEP 2019-220<\/p>\t\t\t\t\t\t\t\t<\/div>\n\t\t\t\t<\/div>\n\t\t\t\t\t<\/div>\n\t\t<\/div>\n\t\t\t\t<div class=\"elementor-column elementor-col-33 elementor-top-column elementor-element elementor-element-0c499cb\" data-id=\"0c499cb\" data-element_type=\"column\" data-e-type=\"column\">\n\t\t\t<div class=\"elementor-widget-wrap\">\n\t\t\t\t\t\t\t<\/div>\n\t\t<\/div>\n\t\t\t\t\t<\/div>\n\t\t<\/section>\n\t\t\t\t<section class=\"elementor-section elementor-top-section elementor-element elementor-element-14f6953 elementor-section-boxed elementor-section-height-default elementor-section-height-default\" data-id=\"14f6953\" data-element_type=\"section\" data-e-type=\"section\">\n\t\t\t\t\t\t<div class=\"elementor-container elementor-column-gap-default\">\n\t\t\t\t\t<div class=\"elementor-column elementor-col-100 elementor-top-column elementor-element elementor-element-c647a68\" data-id=\"c647a68\" data-element_type=\"column\" data-e-type=\"column\">\n\t\t\t<div class=\"elementor-widget-wrap elementor-element-populated\">\n\t\t\t\t\t\t<div class=\"elementor-element elementor-element-f504cec elementor-widget-divider--view-line elementor-widget elementor-widget-divider\" data-id=\"f504cec\" data-element_type=\"widget\" data-e-type=\"widget\" data-widget_type=\"divider.default\">\n\t\t\t\t<div class=\"elementor-widget-container\">\n\t\t\t\t\t\t\t<div class=\"elementor-divider\">\n\t\t\t<span class=\"elementor-divider-separator\">\n\t\t\t\t\t\t<\/span>\n\t\t<\/div>\n\t\t\t\t\t\t<\/div>\n\t\t\t\t<\/div>\n\t\t\t\t\t<\/div>\n\t\t<\/div>\n\t\t\t\t\t<\/div>\n\t\t<\/section>\n\t\t\t\t<\/div>\n\t\t","protected":false},"excerpt":{"rendered":"<p>Certificates We invite you to cooperate with us in the comprehensive development and implementation of medicinal product manufacturing technologies:&#8211; development of active substance synthesis&#8211; active substance manufacturing&#8211; development of drug form manufacturing technology&#8211; analytical testing; marketing authorisation. Research and development documentation is prepared in accordance with applicable GMP and GLP requirements. We offer a wide [&hellip;]<\/p>\n","protected":false},"author":123,"featured_media":0,"parent":0,"menu_order":0,"comment_status":"closed","ping_status":"closed","template":"","meta":{"_acf_changed":false,"_seopress_robots_primary_cat":"","_seopress_titles_title":"","_seopress_titles_desc":"","_seopress_robots_index":"","inline_featured_image":false,"footnotes":""},"class_list":["post-31759","page","type-page","status-publish","hentry"],"acf":[],"publishpress_future_action":{"enabled":false,"date":"2026-03-19 05:43:50","action":"change-status","newStatus":"draft","terms":[],"taxonomy":"translation_priority","extraData":[]},"publishpress_future_workflow_manual_trigger":{"enabledWorkflows":[]},"_links":{"self":[{"href":"https:\/\/ichp.lukasiewicz.gov.pl\/en\/wp-json\/wp\/v2\/pages\/31759","targetHints":{"allow":["GET"]}}],"collection":[{"href":"https:\/\/ichp.lukasiewicz.gov.pl\/en\/wp-json\/wp\/v2\/pages"}],"about":[{"href":"https:\/\/ichp.lukasiewicz.gov.pl\/en\/wp-json\/wp\/v2\/types\/page"}],"author":[{"embeddable":true,"href":"https:\/\/ichp.lukasiewicz.gov.pl\/en\/wp-json\/wp\/v2\/users\/123"}],"replies":[{"embeddable":true,"href":"https:\/\/ichp.lukasiewicz.gov.pl\/en\/wp-json\/wp\/v2\/comments?post=31759"}],"version-history":[{"count":5,"href":"https:\/\/ichp.lukasiewicz.gov.pl\/en\/wp-json\/wp\/v2\/pages\/31759\/revisions"}],"predecessor-version":[{"id":31825,"href":"https:\/\/ichp.lukasiewicz.gov.pl\/en\/wp-json\/wp\/v2\/pages\/31759\/revisions\/31825"}],"wp:attachment":[{"href":"https:\/\/ichp.lukasiewicz.gov.pl\/en\/wp-json\/wp\/v2\/media?parent=31759"}],"curies":[{"name":"wp","href":"https:\/\/api.w.org\/{rel}","templated":true}]}}