{"id":29851,"date":"2024-10-24T10:56:51","date_gmt":"2024-10-24T08:56:51","guid":{"rendered":"https:\/\/ichp.lukasiewicz.gov.pl\/kpo\/"},"modified":"2026-01-27T14:24:12","modified_gmt":"2026-01-27T13:24:12","slug":"kpo","status":"publish","type":"page","link":"https:\/\/ichp.lukasiewicz.gov.pl\/en\/kpo\/","title":{"rendered":"KPO"},"content":{"rendered":"\t\t<div data-elementor-type=\"wp-page\" data-elementor-id=\"29851\" class=\"elementor elementor-29851 elementor-21552\" data-elementor-post-type=\"page\">\n\t\t\t\t\t\t<section class=\"elementor-section elementor-top-section elementor-element elementor-element-1439de7 elementor-section-boxed elementor-section-height-default elementor-section-height-default\" data-id=\"1439de7\" data-element_type=\"section\" data-e-type=\"section\">\n\t\t\t\t\t\t<div class=\"elementor-container elementor-column-gap-default\">\n\t\t\t\t\t<div class=\"elementor-column elementor-col-100 elementor-top-column elementor-element elementor-element-580b32b\" data-id=\"580b32b\" data-element_type=\"column\" data-e-type=\"column\">\n\t\t\t<div class=\"elementor-widget-wrap elementor-element-populated\">\n\t\t\t\t\t\t<div class=\"elementor-element elementor-element-476f593 elementor-widget elementor-widget-spacer\" data-id=\"476f593\" data-element_type=\"widget\" data-e-type=\"widget\" data-widget_type=\"spacer.default\">\n\t\t\t\t<div class=\"elementor-widget-container\">\n\t\t\t\t\t\t\t<div class=\"elementor-spacer\">\n\t\t\t<div class=\"elementor-spacer-inner\"><\/div>\n\t\t<\/div>\n\t\t\t\t\t\t<\/div>\n\t\t\t\t<\/div>\n\t\t\t\t<div class=\"elementor-element elementor-element-fc401c2 elementor-widget__width-auto elementor-widget elementor-widget-heading\" data-id=\"fc401c2\" data-element_type=\"widget\" data-e-type=\"widget\" data-widget_type=\"heading.default\">\n\t\t\t\t<div class=\"elementor-widget-container\">\n\t\t\t\t\t<h2 class=\"elementor-heading-title elementor-size-default\">national recovery plan<\/h2>\t\t\t\t<\/div>\n\t\t\t\t<\/div>\n\t\t\t\t<div class=\"elementor-element elementor-element-9fd8807 elementor-widget elementor-widget-heading\" data-id=\"9fd8807\" data-element_type=\"widget\" data-e-type=\"widget\" data-widget_type=\"heading.default\">\n\t\t\t\t<div class=\"elementor-widget-container\">\n\t\t\t\t\t<h2 class=\"elementor-heading-title elementor-size-default\">Projects implemented with KPO funds<\/h2>\t\t\t\t<\/div>\n\t\t\t\t<\/div>\n\t\t\t\t\t<\/div>\n\t\t<\/div>\n\t\t\t\t\t<\/div>\n\t\t<\/section>\n\t\t\t\t<section class=\"elementor-section elementor-top-section elementor-element elementor-element-833acd7 elementor-section-boxed elementor-section-height-default elementor-section-height-default\" data-id=\"833acd7\" data-element_type=\"section\" data-e-type=\"section\">\n\t\t\t\t\t\t<div class=\"elementor-container elementor-column-gap-default\">\n\t\t\t\t\t<div class=\"elementor-column elementor-col-33 elementor-top-column elementor-element elementor-element-17ed513\" data-id=\"17ed513\" data-element_type=\"column\" data-e-type=\"column\">\n\t\t\t<div class=\"elementor-widget-wrap elementor-element-populated\">\n\t\t\t\t\t\t<div class=\"elementor-element elementor-element-3efc43f elementor-widget__width-initial elementor-position-top elementor-widget elementor-widget-image-box\" data-id=\"3efc43f\" data-element_type=\"widget\" data-e-type=\"widget\" data-widget_type=\"image-box.default\">\n\t\t\t\t<div class=\"elementor-widget-container\">\n\t\t\t\t\t<div class=\"elementor-image-box-wrapper\"><figure class=\"elementor-image-box-img\"><a href=\"https:\/\/ceten.ichp.lukasiewicz.gov.pl\/\" target=\"_blank\" tabindex=\"-1\"><img fetchpriority=\"high\" decoding=\"async\" width=\"1920\" height=\"1281\" src=\"https:\/\/ichp.lukasiewicz.gov.pl\/wp-content\/uploads\/sites\/23\/2024\/10\/CRTN_272778942-copy-min.jpg\" class=\"elementor-animation-grow attachment-full size-full wp-image-21585\" alt=\"\" srcset=\"https:\/\/ichp.lukasiewicz.gov.pl\/wp-content\/uploads\/sites\/23\/2024\/10\/CRTN_272778942-copy-min.jpg 1920w, https:\/\/ichp.lukasiewicz.gov.pl\/wp-content\/uploads\/sites\/23\/2024\/10\/CRTN_272778942-copy-min-300x200.jpg 300w, https:\/\/ichp.lukasiewicz.gov.pl\/wp-content\/uploads\/sites\/23\/2024\/10\/CRTN_272778942-copy-min-1024x683.jpg 1024w, https:\/\/ichp.lukasiewicz.gov.pl\/wp-content\/uploads\/sites\/23\/2024\/10\/CRTN_272778942-copy-min-768x512.jpg 768w, https:\/\/ichp.lukasiewicz.gov.pl\/wp-content\/uploads\/sites\/23\/2024\/10\/CRTN_272778942-copy-min-1536x1025.jpg 1536w, https:\/\/ichp.lukasiewicz.gov.pl\/wp-content\/uploads\/sites\/23\/2024\/10\/CRTN_272778942-copy-min-1200x801.jpg 1200w, https:\/\/ichp.lukasiewicz.gov.pl\/wp-content\/uploads\/sites\/23\/2024\/10\/CRTN_272778942-copy-min-24x16.jpg 24w, https:\/\/ichp.lukasiewicz.gov.pl\/wp-content\/uploads\/sites\/23\/2024\/10\/CRTN_272778942-copy-min-36x24.jpg 36w, https:\/\/ichp.lukasiewicz.gov.pl\/wp-content\/uploads\/sites\/23\/2024\/10\/CRTN_272778942-copy-min-48x32.jpg 48w\" sizes=\"(max-width: 1920px) 100vw, 1920px\" \/><\/a><\/figure><div class=\"elementor-image-box-content\"><h3 class=\"elementor-image-box-title\"><a href=\"https:\/\/ceten.ichp.lukasiewicz.gov.pl\/\" target=\"_blank\">Centre for the Development of Low Emission Technologies<\/a><\/h3><p class=\"elementor-image-box-description\">MO\u015aCICKI CAMPUS<\/p><\/div><\/div>\t\t\t\t<\/div>\n\t\t\t\t<\/div>\n\t\t\t\t<div class=\"elementor-element elementor-element-1e05c81 elementor-widget elementor-widget-spacer\" data-id=\"1e05c81\" data-element_type=\"widget\" data-e-type=\"widget\" data-widget_type=\"spacer.default\">\n\t\t\t\t<div class=\"elementor-widget-container\">\n\t\t\t\t\t\t\t<div class=\"elementor-spacer\">\n\t\t\t<div class=\"elementor-spacer-inner\"><\/div>\n\t\t<\/div>\n\t\t\t\t\t\t<\/div>\n\t\t\t\t<\/div>\n\t\t\t\t<div class=\"elementor-element elementor-element-a63dc47 elementor-align-center elementor-widget elementor-widget-button\" data-id=\"a63dc47\" data-element_type=\"widget\" data-e-type=\"widget\" data-widget_type=\"button.default\">\n\t\t\t\t<div class=\"elementor-widget-container\">\n\t\t\t\t\t\t\t\t\t<div class=\"elementor-button-wrapper\">\n\t\t\t\t\t<a class=\"elementor-button elementor-button-link elementor-size-sm\" href=\"https:\/\/ceten.ichp.lukasiewicz.gov.pl\/\" target=\"_blank\">\n\t\t\t\t\t\t<span class=\"elementor-button-content-wrapper\">\n\t\t\t\t\t\t\t\t\t<span class=\"elementor-button-text\">More<\/span>\n\t\t\t\t\t<\/span>\n\t\t\t\t\t<\/a>\n\t\t\t\t<\/div>\n\t\t\t\t\t\t\t\t<\/div>\n\t\t\t\t<\/div>\n\t\t\t\t\t<\/div>\n\t\t<\/div>\n\t\t\t\t<div class=\"elementor-column elementor-col-33 elementor-top-column elementor-element elementor-element-2efdc86\" data-id=\"2efdc86\" data-element_type=\"column\" data-e-type=\"column\">\n\t\t\t<div class=\"elementor-widget-wrap elementor-element-populated\">\n\t\t\t\t\t\t<div class=\"elementor-element elementor-element-9ae5d57 elementor-widget__width-initial elementor-position-top elementor-widget elementor-widget-image-box\" data-id=\"9ae5d57\" data-element_type=\"widget\" data-e-type=\"widget\" data-widget_type=\"image-box.default\">\n\t\t\t\t<div class=\"elementor-widget-container\">\n\t\t\t\t\t<div class=\"elementor-image-box-wrapper\"><figure class=\"elementor-image-box-img\"><a href=\"https:\/\/ceprofarm.ichp.lukasiewicz.gov.pl\/\" target=\"_blank\" tabindex=\"-1\"><img decoding=\"async\" width=\"1920\" height=\"1280\" src=\"https:\/\/ichp.lukasiewicz.gov.pl\/wp-content\/uploads\/sites\/23\/2024\/10\/CRPFiP_211417499-copy-min.jpg\" class=\"elementor-animation-grow attachment-full size-full wp-image-21583\" alt=\"\" srcset=\"https:\/\/ichp.lukasiewicz.gov.pl\/wp-content\/uploads\/sites\/23\/2024\/10\/CRPFiP_211417499-copy-min.jpg 1920w, https:\/\/ichp.lukasiewicz.gov.pl\/wp-content\/uploads\/sites\/23\/2024\/10\/CRPFiP_211417499-copy-min-300x200.jpg 300w, https:\/\/ichp.lukasiewicz.gov.pl\/wp-content\/uploads\/sites\/23\/2024\/10\/CRPFiP_211417499-copy-min-1024x683.jpg 1024w, https:\/\/ichp.lukasiewicz.gov.pl\/wp-content\/uploads\/sites\/23\/2024\/10\/CRPFiP_211417499-copy-min-768x512.jpg 768w, https:\/\/ichp.lukasiewicz.gov.pl\/wp-content\/uploads\/sites\/23\/2024\/10\/CRPFiP_211417499-copy-min-1536x1024.jpg 1536w, https:\/\/ichp.lukasiewicz.gov.pl\/wp-content\/uploads\/sites\/23\/2024\/10\/CRPFiP_211417499-copy-min-1200x800.jpg 1200w, https:\/\/ichp.lukasiewicz.gov.pl\/wp-content\/uploads\/sites\/23\/2024\/10\/CRPFiP_211417499-copy-min-24x16.jpg 24w, https:\/\/ichp.lukasiewicz.gov.pl\/wp-content\/uploads\/sites\/23\/2024\/10\/CRPFiP_211417499-copy-min-36x24.jpg 36w, https:\/\/ichp.lukasiewicz.gov.pl\/wp-content\/uploads\/sites\/23\/2024\/10\/CRPFiP_211417499-copy-min-48x32.jpg 48w\" sizes=\"(max-width: 1920px) 100vw, 1920px\" \/><\/a><\/figure><div class=\"elementor-image-box-content\"><h3 class=\"elementor-image-box-title\"><a href=\"https:\/\/ceprofarm.ichp.lukasiewicz.gov.pl\/\" target=\"_blank\">Centrum Rozwoju Produkt\u00f3w Farmaceutycznych i Pokrewnych<\/a><\/h3><p class=\"elementor-image-box-description\">MO\u015aCICKI CAMPUS<\/p><\/div><\/div>\t\t\t\t<\/div>\n\t\t\t\t<\/div>\n\t\t\t\t<div class=\"elementor-element elementor-element-4dbd98b elementor-widget elementor-widget-spacer\" data-id=\"4dbd98b\" data-element_type=\"widget\" data-e-type=\"widget\" data-widget_type=\"spacer.default\">\n\t\t\t\t<div class=\"elementor-widget-container\">\n\t\t\t\t\t\t\t<div class=\"elementor-spacer\">\n\t\t\t<div class=\"elementor-spacer-inner\"><\/div>\n\t\t<\/div>\n\t\t\t\t\t\t<\/div>\n\t\t\t\t<\/div>\n\t\t\t\t<div class=\"elementor-element elementor-element-27a82c6 elementor-align-center elementor-widget elementor-widget-button\" data-id=\"27a82c6\" data-element_type=\"widget\" data-e-type=\"widget\" data-widget_type=\"button.default\">\n\t\t\t\t<div class=\"elementor-widget-container\">\n\t\t\t\t\t\t\t\t\t<div class=\"elementor-button-wrapper\">\n\t\t\t\t\t<a class=\"elementor-button elementor-button-link elementor-size-sm\" href=\"https:\/\/ceprofarm.ichp.lukasiewicz.gov.pl\/\" target=\"_blank\">\n\t\t\t\t\t\t<span class=\"elementor-button-content-wrapper\">\n\t\t\t\t\t\t\t\t\t<span class=\"elementor-button-text\">More<\/span>\n\t\t\t\t\t<\/span>\n\t\t\t\t\t<\/a>\n\t\t\t\t<\/div>\n\t\t\t\t\t\t\t\t<\/div>\n\t\t\t\t<\/div>\n\t\t\t\t\t<\/div>\n\t\t<\/div>\n\t\t\t\t<div class=\"elementor-column elementor-col-33 elementor-top-column elementor-element elementor-element-8b76583\" data-id=\"8b76583\" data-element_type=\"column\" data-e-type=\"column\">\n\t\t\t<div class=\"elementor-widget-wrap elementor-element-populated\">\n\t\t\t\t\t\t<div class=\"elementor-element elementor-element-63e4b06 elementor-widget__width-initial elementor-position-top elementor-widget elementor-widget-image-box\" data-id=\"63e4b06\" data-element_type=\"widget\" data-e-type=\"widget\" data-widget_type=\"image-box.default\">\n\t\t\t\t<div class=\"elementor-widget-container\">\n\t\t\t\t\t<div class=\"elementor-image-box-wrapper\"><figure class=\"elementor-image-box-img\"><a href=\"http:\/\/ceteapi.ichp.lukasiewicz.gov.pl\" target=\"_blank\" tabindex=\"-1\"><img decoding=\"async\" width=\"1920\" height=\"1280\" src=\"https:\/\/ichp.lukasiewicz.gov.pl\/wp-content\/uploads\/sites\/23\/2024\/10\/CTWAPI_181859287-copy-min.jpg\" class=\"elementor-animation-grow attachment-full size-full wp-image-21587\" alt=\"\" srcset=\"https:\/\/ichp.lukasiewicz.gov.pl\/wp-content\/uploads\/sites\/23\/2024\/10\/CTWAPI_181859287-copy-min.jpg 1920w, https:\/\/ichp.lukasiewicz.gov.pl\/wp-content\/uploads\/sites\/23\/2024\/10\/CTWAPI_181859287-copy-min-300x200.jpg 300w, https:\/\/ichp.lukasiewicz.gov.pl\/wp-content\/uploads\/sites\/23\/2024\/10\/CTWAPI_181859287-copy-min-1024x683.jpg 1024w, https:\/\/ichp.lukasiewicz.gov.pl\/wp-content\/uploads\/sites\/23\/2024\/10\/CTWAPI_181859287-copy-min-768x512.jpg 768w, https:\/\/ichp.lukasiewicz.gov.pl\/wp-content\/uploads\/sites\/23\/2024\/10\/CTWAPI_181859287-copy-min-1536x1024.jpg 1536w, https:\/\/ichp.lukasiewicz.gov.pl\/wp-content\/uploads\/sites\/23\/2024\/10\/CTWAPI_181859287-copy-min-1200x800.jpg 1200w, https:\/\/ichp.lukasiewicz.gov.pl\/wp-content\/uploads\/sites\/23\/2024\/10\/CTWAPI_181859287-copy-min-24x16.jpg 24w, https:\/\/ichp.lukasiewicz.gov.pl\/wp-content\/uploads\/sites\/23\/2024\/10\/CTWAPI_181859287-copy-min-36x24.jpg 36w, https:\/\/ichp.lukasiewicz.gov.pl\/wp-content\/uploads\/sites\/23\/2024\/10\/CTWAPI_181859287-copy-min-48x32.jpg 48w\" sizes=\"(max-width: 1920px) 100vw, 1920px\" \/><\/a><\/figure><div class=\"elementor-image-box-content\"><h3 class=\"elementor-image-box-title\"><a href=\"http:\/\/ceteapi.ichp.lukasiewicz.gov.pl\" target=\"_blank\">API Manufacturing Technology Center<\/a><\/h3><p class=\"elementor-image-box-description\">MO\u015aCICKI CAMPUS II<\/p><\/div><\/div>\t\t\t\t<\/div>\n\t\t\t\t<\/div>\n\t\t\t\t<div class=\"elementor-element elementor-element-ef11b37 elementor-widget elementor-widget-spacer\" data-id=\"ef11b37\" data-element_type=\"widget\" data-e-type=\"widget\" data-widget_type=\"spacer.default\">\n\t\t\t\t<div class=\"elementor-widget-container\">\n\t\t\t\t\t\t\t<div class=\"elementor-spacer\">\n\t\t\t<div class=\"elementor-spacer-inner\"><\/div>\n\t\t<\/div>\n\t\t\t\t\t\t<\/div>\n\t\t\t\t<\/div>\n\t\t\t\t<div class=\"elementor-element elementor-element-fdfac8e elementor-align-center elementor-widget elementor-widget-button\" data-id=\"fdfac8e\" data-element_type=\"widget\" data-e-type=\"widget\" data-widget_type=\"button.default\">\n\t\t\t\t<div class=\"elementor-widget-container\">\n\t\t\t\t\t\t\t\t\t<div class=\"elementor-button-wrapper\">\n\t\t\t\t\t<a class=\"elementor-button elementor-button-link elementor-size-sm\" href=\"http:\/\/ceteapi.ichp.lukasiewicz.gov.pl\" target=\"_blank\">\n\t\t\t\t\t\t<span class=\"elementor-button-content-wrapper\">\n\t\t\t\t\t\t\t\t\t<span class=\"elementor-button-text\">More<\/span>\n\t\t\t\t\t<\/span>\n\t\t\t\t\t<\/a>\n\t\t\t\t<\/div>\n\t\t\t\t\t\t\t\t<\/div>\n\t\t\t\t<\/div>\n\t\t\t\t\t<\/div>\n\t\t<\/div>\n\t\t\t\t\t<\/div>\n\t\t<\/section>\n\t\t\t\t<section class=\"elementor-section elementor-top-section elementor-element elementor-element-ad9d088 elementor-section-boxed elementor-section-height-default elementor-section-height-default\" data-id=\"ad9d088\" data-element_type=\"section\" data-e-type=\"section\">\n\t\t\t\t\t\t<div class=\"elementor-container elementor-column-gap-default\">\n\t\t\t\t\t<div class=\"elementor-column elementor-col-100 elementor-top-column elementor-element elementor-element-fc63cd0\" data-id=\"fc63cd0\" data-element_type=\"column\" data-e-type=\"column\">\n\t\t\t<div class=\"elementor-widget-wrap elementor-element-populated\">\n\t\t\t\t\t\t<div class=\"elementor-element elementor-element-0f1f409 elementor-widget elementor-widget-spacer\" data-id=\"0f1f409\" data-element_type=\"widget\" data-e-type=\"widget\" data-widget_type=\"spacer.default\">\n\t\t\t\t<div class=\"elementor-widget-container\">\n\t\t\t\t\t\t\t<div class=\"elementor-spacer\">\n\t\t\t<div class=\"elementor-spacer-inner\"><\/div>\n\t\t<\/div>\n\t\t\t\t\t\t<\/div>\n\t\t\t\t<\/div>\n\t\t\t\t<div class=\"elementor-element elementor-element-528eb70 elementor-widget elementor-widget-text-editor\" data-id=\"528eb70\" data-element_type=\"widget\" data-e-type=\"widget\" data-widget_type=\"text-editor.default\">\n\t\t\t\t<div class=\"elementor-widget-container\">\n\t\t\t\t\t\t\t\t\t<h5> <\/h5><h5 style=\"text-align: center\">The total cost of the MO\u015aCICKI CAMPUS project is PLN 237,272,870 gross, including:<\/h5><h5 style=\"text-align: center\">funding: 160 609 817 PLN (KPO)<\/h5><h5 style=\"text-align: center\">purchase of research equipment for a total amount: 118 688 660 PLN<\/h5>\t\t\t\t\t\t\t\t<\/div>\n\t\t\t\t<\/div>\n\t\t\t\t<div class=\"elementor-element elementor-element-51fab4b elementor-widget-divider--view-line elementor-widget elementor-widget-divider\" data-id=\"51fab4b\" data-element_type=\"widget\" data-e-type=\"widget\" data-widget_type=\"divider.default\">\n\t\t\t\t<div class=\"elementor-widget-container\">\n\t\t\t\t\t\t\t<div class=\"elementor-divider\">\n\t\t\t<span class=\"elementor-divider-separator\">\n\t\t\t\t\t\t<\/span>\n\t\t<\/div>\n\t\t\t\t\t\t<\/div>\n\t\t\t\t<\/div>\n\t\t\t\t<div class=\"elementor-element elementor-element-c75ad91 elementor-widget elementor-widget-spacer\" data-id=\"c75ad91\" data-element_type=\"widget\" data-e-type=\"widget\" data-widget_type=\"spacer.default\">\n\t\t\t\t<div class=\"elementor-widget-container\">\n\t\t\t\t\t\t\t<div class=\"elementor-spacer\">\n\t\t\t<div class=\"elementor-spacer-inner\"><\/div>\n\t\t<\/div>\n\t\t\t\t\t\t<\/div>\n\t\t\t\t<\/div>\n\t\t\t\t<div class=\"elementor-element elementor-element-c5c2e7d elementor-widget elementor-widget-image\" data-id=\"c5c2e7d\" data-element_type=\"widget\" data-e-type=\"widget\" data-widget_type=\"image.default\">\n\t\t\t\t<div class=\"elementor-widget-container\">\n\t\t\t\t\t\t\t\t\t\t\t\t\t\t\t<img loading=\"lazy\" decoding=\"async\" width=\"580\" height=\"47\" src=\"https:\/\/ichp.lukasiewicz.gov.pl\/wp-content\/uploads\/sites\/23\/2024\/10\/Pasek-KPO-RP-NGEU-A-1-rgb-1024x83-1.png\" class=\"attachment-large size-large wp-image-21596\" alt=\"\" srcset=\"https:\/\/ichp.lukasiewicz.gov.pl\/wp-content\/uploads\/sites\/23\/2024\/10\/Pasek-KPO-RP-NGEU-A-1-rgb-1024x83-1.png 1024w, https:\/\/ichp.lukasiewicz.gov.pl\/wp-content\/uploads\/sites\/23\/2024\/10\/Pasek-KPO-RP-NGEU-A-1-rgb-1024x83-1-300x24.png 300w, https:\/\/ichp.lukasiewicz.gov.pl\/wp-content\/uploads\/sites\/23\/2024\/10\/Pasek-KPO-RP-NGEU-A-1-rgb-1024x83-1-768x62.png 768w, https:\/\/ichp.lukasiewicz.gov.pl\/wp-content\/uploads\/sites\/23\/2024\/10\/Pasek-KPO-RP-NGEU-A-1-rgb-1024x83-1-1000x83.png 1000w, https:\/\/ichp.lukasiewicz.gov.pl\/wp-content\/uploads\/sites\/23\/2024\/10\/Pasek-KPO-RP-NGEU-A-1-rgb-1024x83-1-24x2.png 24w, https:\/\/ichp.lukasiewicz.gov.pl\/wp-content\/uploads\/sites\/23\/2024\/10\/Pasek-KPO-RP-NGEU-A-1-rgb-1024x83-1-36x3.png 36w, https:\/\/ichp.lukasiewicz.gov.pl\/wp-content\/uploads\/sites\/23\/2024\/10\/Pasek-KPO-RP-NGEU-A-1-rgb-1024x83-1-48x4.png 48w\" sizes=\"(max-width: 580px) 100vw, 580px\" \/>\t\t\t\t\t\t\t\t\t\t\t\t\t\t\t<\/div>\n\t\t\t\t<\/div>\n\t\t\t\t\t<\/div>\n\t\t<\/div>\n\t\t\t\t\t<\/div>\n\t\t<\/section>\n\t\t\t\t<section class=\"elementor-section elementor-top-section elementor-element elementor-element-40b60cd elementor-section-boxed elementor-section-height-default elementor-section-height-default\" data-id=\"40b60cd\" data-element_type=\"section\" data-e-type=\"section\">\n\t\t\t\t\t\t<div class=\"elementor-container elementor-column-gap-default\">\n\t\t\t\t\t<div class=\"elementor-column elementor-col-100 elementor-top-column elementor-element elementor-element-dcc3dc0\" data-id=\"dcc3dc0\" data-element_type=\"column\" data-e-type=\"column\">\n\t\t\t<div class=\"elementor-widget-wrap\">\n\t\t\t\t\t\t\t<\/div>\n\t\t<\/div>\n\t\t\t\t\t<\/div>\n\t\t<\/section>\n\t\t\t\t<section class=\"elementor-section elementor-top-section elementor-element elementor-element-3f636f3 elementor-section-boxed elementor-section-height-default elementor-section-height-default\" data-id=\"3f636f3\" data-element_type=\"section\" data-e-type=\"section\">\n\t\t\t\t\t\t<div class=\"elementor-container elementor-column-gap-default\">\n\t\t\t\t\t<div class=\"elementor-column elementor-col-100 elementor-top-column elementor-element elementor-element-1e34da6\" data-id=\"1e34da6\" data-element_type=\"column\" data-e-type=\"column\">\n\t\t\t<div class=\"elementor-widget-wrap elementor-element-populated\">\n\t\t\t\t\t\t<div class=\"elementor-element elementor-element-f959c83 elementor-widget elementor-widget-text-editor\" data-id=\"f959c83\" data-element_type=\"widget\" data-e-type=\"widget\" data-widget_type=\"text-editor.default\">\n\t\t\t\t<div class=\"elementor-widget-container\">\n\t\t\t\t\t\t\t\t\t<p style=\"text-align: center\">The project entitled &#8220;Development of research infrastructure in innovative areas of pharmaceutical and low-emission technologies within the \u0141ukasiewicz Research Institute \u2013 &#8220;Mo\u015bcicki Campus&#8221;&#8221; is co-financed by the European Union from the National Reconstruction Plan. <\/p>\t\t\t\t\t\t\t\t<\/div>\n\t\t\t\t<\/div>\n\t\t\t\t<div class=\"elementor-element elementor-element-0c0e9ab elementor-widget elementor-widget-text-editor\" data-id=\"0c0e9ab\" data-element_type=\"widget\" data-e-type=\"widget\" data-widget_type=\"text-editor.default\">\n\t\t\t\t<div class=\"elementor-widget-container\">\n\t\t\t\t\t\t\t\t\t<p style=\"text-align: center\">The project entitled API Manufacturing Technology Center \u2013 &#8220;Mo\u015bcicki Campus&#8221; II is co-financed by the European Union from the National Reconstruction Plan. <\/p>\t\t\t\t\t\t\t\t<\/div>\n\t\t\t\t<\/div>\n\t\t\t\t<div class=\"elementor-element elementor-element-8736258 elementor-widget-divider--view-line elementor-widget elementor-widget-divider\" data-id=\"8736258\" data-element_type=\"widget\" data-e-type=\"widget\" data-widget_type=\"divider.default\">\n\t\t\t\t<div class=\"elementor-widget-container\">\n\t\t\t\t\t\t\t<div class=\"elementor-divider\">\n\t\t\t<span class=\"elementor-divider-separator\">\n\t\t\t\t\t\t<\/span>\n\t\t<\/div>\n\t\t\t\t\t\t<\/div>\n\t\t\t\t<\/div>\n\t\t\t\t\t<\/div>\n\t\t<\/div>\n\t\t\t\t\t<\/div>\n\t\t<\/section>\n\t\t\t\t<\/div>\n\t\t","protected":false},"excerpt":{"rendered":"<p>national recovery plan Projects implemented with KPO funds Centre for the Development of Low Emission Technologies MO\u015aCICKI CAMPUS More Centrum Rozwoju Produkt\u00f3w Farmaceutycznych i Pokrewnych MO\u015aCICKI CAMPUS More API Manufacturing Technology Center MO\u015aCICKI CAMPUS II More The total cost of the MO\u015aCICKI CAMPUS project is PLN 237,272,870 gross, including: funding: 160 609 817 PLN (KPO) [&hellip;]<\/p>\n","protected":false},"author":123,"featured_media":0,"parent":0,"menu_order":0,"comment_status":"closed","ping_status":"closed","template":"","meta":{"_acf_changed":false,"_seopress_robots_primary_cat":"","_seopress_titles_title":"","_seopress_titles_desc":"","_seopress_robots_index":"","inline_featured_image":false,"footnotes":""},"class_list":["post-29851","page","type-page","status-publish","hentry"],"acf":[],"publishpress_future_action":{"enabled":false,"date":"2026-02-14 11:07:09","action":"change-status","newStatus":"draft","terms":[],"taxonomy":"translation_priority","extraData":[]},"publishpress_future_workflow_manual_trigger":{"enabledWorkflows":[]},"_links":{"self":[{"href":"https:\/\/ichp.lukasiewicz.gov.pl\/en\/wp-json\/wp\/v2\/pages\/29851","targetHints":{"allow":["GET"]}}],"collection":[{"href":"https:\/\/ichp.lukasiewicz.gov.pl\/en\/wp-json\/wp\/v2\/pages"}],"about":[{"href":"https:\/\/ichp.lukasiewicz.gov.pl\/en\/wp-json\/wp\/v2\/types\/page"}],"author":[{"embeddable":true,"href":"https:\/\/ichp.lukasiewicz.gov.pl\/en\/wp-json\/wp\/v2\/users\/123"}],"replies":[{"embeddable":true,"href":"https:\/\/ichp.lukasiewicz.gov.pl\/en\/wp-json\/wp\/v2\/comments?post=29851"}],"version-history":[{"count":4,"href":"https:\/\/ichp.lukasiewicz.gov.pl\/en\/wp-json\/wp\/v2\/pages\/29851\/revisions"}],"predecessor-version":[{"id":29857,"href":"https:\/\/ichp.lukasiewicz.gov.pl\/en\/wp-json\/wp\/v2\/pages\/29851\/revisions\/29857"}],"wp:attachment":[{"href":"https:\/\/ichp.lukasiewicz.gov.pl\/en\/wp-json\/wp\/v2\/media?parent=29851"}],"curies":[{"name":"wp","href":"https:\/\/api.w.org\/{rel}","templated":true}]}}