{"id":29790,"date":"2023-09-08T12:11:02","date_gmt":"2023-09-08T10:11:02","guid":{"rendered":"https:\/\/ichp.lukasiewicz.gov.pl\/program-stazowy\/"},"modified":"2026-01-27T10:49:20","modified_gmt":"2026-01-27T09:49:20","slug":"program-stazowy","status":"publish","type":"page","link":"https:\/\/ichp.lukasiewicz.gov.pl\/en\/program-stazowy\/","title":{"rendered":"Program sta\u017cowy"},"content":{"rendered":"\t\t<div data-elementor-type=\"wp-page\" data-elementor-id=\"29790\" class=\"elementor elementor-29790 elementor-1783\" data-elementor-post-type=\"page\">\n\t\t\t\t\t\t<section class=\"elementor-section elementor-top-section elementor-element elementor-element-48a7fe9 elementor-section-boxed elementor-section-height-default elementor-section-height-default\" data-id=\"48a7fe9\" data-element_type=\"section\" data-e-type=\"section\">\n\t\t\t\t\t\t<div class=\"elementor-container elementor-column-gap-default\">\n\t\t\t\t\t<div class=\"elementor-column elementor-col-100 elementor-top-column elementor-element elementor-element-e1ffe91\" data-id=\"e1ffe91\" data-element_type=\"column\" data-e-type=\"column\">\n\t\t\t<div class=\"elementor-widget-wrap elementor-element-populated\">\n\t\t\t\t\t\t<div class=\"elementor-element elementor-element-8d84b11 elementor-widget__width-auto elementor-widget elementor-widget-heading\" data-id=\"8d84b11\" data-element_type=\"widget\" data-e-type=\"widget\" data-widget_type=\"heading.default\">\n\t\t\t\t<div class=\"elementor-widget-container\">\n\t\t\t\t\t<h2 class=\"elementor-heading-title elementor-size-default\">CAREER<\/h2>\t\t\t\t<\/div>\n\t\t\t\t<\/div>\n\t\t\t\t<div class=\"elementor-element elementor-element-a228d8b elementor-widget__width-initial elementor-widget elementor-widget-heading\" data-id=\"a228d8b\" data-element_type=\"widget\" data-e-type=\"widget\" data-widget_type=\"heading.default\">\n\t\t\t\t<div class=\"elementor-widget-container\">\n\t\t\t\t\t<h2 class=\"elementor-heading-title elementor-size-default\">Internship programme<\/h2>\t\t\t\t<\/div>\n\t\t\t\t<\/div>\n\t\t\t\t<div class=\"elementor-element elementor-element-505f148 elementor-widget elementor-widget-spacer\" data-id=\"505f148\" data-element_type=\"widget\" data-e-type=\"widget\" data-widget_type=\"spacer.default\">\n\t\t\t\t<div class=\"elementor-widget-container\">\n\t\t\t\t\t\t\t<div class=\"elementor-spacer\">\n\t\t\t<div class=\"elementor-spacer-inner\"><\/div>\n\t\t<\/div>\n\t\t\t\t\t\t<\/div>\n\t\t\t\t<\/div>\n\t\t\t\t<section class=\"elementor-section elementor-inner-section elementor-element elementor-element-f33c260 elementor-section-boxed elementor-section-height-default elementor-section-height-default\" data-id=\"f33c260\" data-element_type=\"section\" data-e-type=\"section\">\n\t\t\t\t\t\t<div class=\"elementor-container elementor-column-gap-default\">\n\t\t\t\t\t<div class=\"elementor-column elementor-col-50 elementor-inner-column elementor-element elementor-element-33aceb2\" data-id=\"33aceb2\" data-element_type=\"column\" data-e-type=\"column\">\n\t\t\t<div class=\"elementor-widget-wrap elementor-element-populated\">\n\t\t\t\t\t\t<div class=\"elementor-element elementor-element-ab5432d elementor-widget__width-initial elementor-widget elementor-widget-text-editor\" data-id=\"ab5432d\" data-element_type=\"widget\" data-e-type=\"widget\" data-widget_type=\"text-editor.default\">\n\t\t\t\t<div class=\"elementor-widget-container\">\n\t\t\t\t\t\t\t\t\t<h3>Become an intern\/trainee at \u0141ukasiewicz &#8211; Industrial Chemistry Institute, the oldest research institute in Poland, successfully combining tradition with modernity! Find your place in a world where we combine science and modern technology every day. Make use of your existing knowledge gained during your studies and develop your potential with us!  <\/h3>\t\t\t\t\t\t\t\t<\/div>\n\t\t\t\t<\/div>\n\t\t\t\t<div class=\"elementor-element elementor-element-ba24ac4 elementor-widget elementor-widget-spacer\" data-id=\"ba24ac4\" data-element_type=\"widget\" data-e-type=\"widget\" data-widget_type=\"spacer.default\">\n\t\t\t\t<div class=\"elementor-widget-container\">\n\t\t\t\t\t\t\t<div class=\"elementor-spacer\">\n\t\t\t<div class=\"elementor-spacer-inner\"><\/div>\n\t\t<\/div>\n\t\t\t\t\t\t<\/div>\n\t\t\t\t<\/div>\n\t\t\t\t\t<\/div>\n\t\t<\/div>\n\t\t\t\t<div class=\"elementor-column elementor-col-50 elementor-inner-column elementor-element elementor-element-63b8a4e\" data-id=\"63b8a4e\" data-element_type=\"column\" data-e-type=\"column\">\n\t\t\t<div class=\"elementor-widget-wrap elementor-element-populated\">\n\t\t\t\t\t\t<div class=\"elementor-element elementor-element-f016a65 elementor-widget__width-initial elementor-widget elementor-widget-image\" data-id=\"f016a65\" data-element_type=\"widget\" data-e-type=\"widget\" data-widget_type=\"image.default\">\n\t\t\t\t<div class=\"elementor-widget-container\">\n\t\t\t\t\t\t\t\t\t\t\t\t\t\t\t<img fetchpriority=\"high\" decoding=\"async\" width=\"580\" height=\"387\" src=\"https:\/\/ichp.lukasiewicz.gov.pl\/wp-content\/uploads\/sites\/23\/2025\/12\/Sta-zystka-k-1024x683.jpg\" class=\"attachment-large size-large wp-image-28493\" alt=\"\" srcset=\"https:\/\/ichp.lukasiewicz.gov.pl\/wp-content\/uploads\/sites\/23\/2025\/12\/Sta-zystka-k-1024x683.jpg 1024w, https:\/\/ichp.lukasiewicz.gov.pl\/wp-content\/uploads\/sites\/23\/2025\/12\/Sta-zystka-k-300x200.jpg 300w, https:\/\/ichp.lukasiewicz.gov.pl\/wp-content\/uploads\/sites\/23\/2025\/12\/Sta-zystka-k-768x512.jpg 768w, https:\/\/ichp.lukasiewicz.gov.pl\/wp-content\/uploads\/sites\/23\/2025\/12\/Sta-zystka-k-1200x800.jpg 1200w, https:\/\/ichp.lukasiewicz.gov.pl\/wp-content\/uploads\/sites\/23\/2025\/12\/Sta-zystka-k-24x16.jpg 24w, https:\/\/ichp.lukasiewicz.gov.pl\/wp-content\/uploads\/sites\/23\/2025\/12\/Sta-zystka-k-36x24.jpg 36w, https:\/\/ichp.lukasiewicz.gov.pl\/wp-content\/uploads\/sites\/23\/2025\/12\/Sta-zystka-k-48x32.jpg 48w, https:\/\/ichp.lukasiewicz.gov.pl\/wp-content\/uploads\/sites\/23\/2025\/12\/Sta-zystka-k.jpg 1384w\" sizes=\"(max-width: 580px) 100vw, 580px\" \/>\t\t\t\t\t\t\t\t\t\t\t\t\t\t\t<\/div>\n\t\t\t\t<\/div>\n\t\t\t\t\t<\/div>\n\t\t<\/div>\n\t\t\t\t\t<\/div>\n\t\t<\/section>\n\t\t\t\t<div class=\"elementor-element elementor-element-8eb0783 elementor-widget elementor-widget-spacer\" data-id=\"8eb0783\" data-element_type=\"widget\" data-e-type=\"widget\" data-widget_type=\"spacer.default\">\n\t\t\t\t<div class=\"elementor-widget-container\">\n\t\t\t\t\t\t\t<div class=\"elementor-spacer\">\n\t\t\t<div class=\"elementor-spacer-inner\"><\/div>\n\t\t<\/div>\n\t\t\t\t\t\t<\/div>\n\t\t\t\t<\/div>\n\t\t\t\t<div class=\"elementor-element elementor-element-ee6d992 elementor-widget-divider--view-line elementor-widget elementor-widget-divider\" data-id=\"ee6d992\" data-element_type=\"widget\" data-e-type=\"widget\" data-widget_type=\"divider.default\">\n\t\t\t\t<div class=\"elementor-widget-container\">\n\t\t\t\t\t\t\t<div class=\"elementor-divider\">\n\t\t\t<span class=\"elementor-divider-separator\">\n\t\t\t\t\t\t<\/span>\n\t\t<\/div>\n\t\t\t\t\t\t<\/div>\n\t\t\t\t<\/div>\n\t\t\t\t\t<\/div>\n\t\t<\/div>\n\t\t\t\t\t<\/div>\n\t\t<\/section>\n\t\t\t\t<section class=\"elementor-section elementor-top-section elementor-element elementor-element-7b7464ab elementor-section-boxed elementor-section-height-default elementor-section-height-default\" data-id=\"7b7464ab\" data-element_type=\"section\" data-e-type=\"section\">\n\t\t\t\t\t\t<div class=\"elementor-container elementor-column-gap-default\">\n\t\t\t\t\t<div class=\"elementor-column elementor-col-100 elementor-top-column elementor-element elementor-element-5f4b61bf\" data-id=\"5f4b61bf\" data-element_type=\"column\" data-e-type=\"column\">\n\t\t\t<div class=\"elementor-widget-wrap elementor-element-populated\">\n\t\t\t\t\t\t<div class=\"elementor-element elementor-element-48403625 elementor-widget__width-initial elementor-widget elementor-widget-text-editor\" data-id=\"48403625\" data-element_type=\"widget\" data-e-type=\"widget\" data-widget_type=\"text-editor.default\">\n\t\t\t\t<div class=\"elementor-widget-container\">\n\t\t\t\t\t\t\t\t\t<p>Our Internship Programme is aimed at final-year students in the fields of chemistry, chemical engineering, materials engineering, pharmacy, biotechnology or related disciplines, as well as university graduates\/graduates and doctoral graduates\/graduates up to the age of 30.<\/p><figure><\/figure><p>We are looking for ambitious individuals motivated to develop and actively gain experience, interested in research work in chemistry, pharmacy, biotechnology, chemical and materials engineering. We recruit throughout the year, with internship positions created according to ongoing projects and company needs. <\/p><p><strong>Capabilities:<\/strong><\/p><ul><li>gaining initial professional experience<\/li><li>familiarisation with the specifics of working in a research laboratory<\/li><li>the opportunity to develop your skills and improve your professional competence<\/li><li>the opportunity to propose and implement your own ideas and solutions.<\/li><\/ul><hr><p><strong>We offer:<\/strong><\/p><ul><li>signing a civil law contract for a period of 3 to 12 months<\/li><li>hourly wage depending on your skills<\/li><li>the possibility of setting an individual work schedule<\/li><li>ensuring adequate workstation equipment (materials, tools, personal protective equipment)<\/li><li>health and safety training<\/li><li>the possibility of establishing an individual work schedule, adapted to the schedule of studies or other activities<\/li><li>supervision by an internship supervisor and support from experienced employees<\/li><li>the possibility of permanent employment after the internship for selected interns.<\/li><\/ul><hr><p><strong>Oczekujemy:<\/strong><\/p><ul><li>conscientious, timely performance of assigned activities and tasks<\/li><li>stosowania si\u0119 do polece\u0144 opiekuna sta\u017cu<\/li><li>compliance with work regulations, health and safety rules<\/li><li>utrzymania w tajemnicy wszelkich danych i informacji uzyskanych w trakcie odbywania sta\u017cu<\/li><li>take out accident and civil liability insurance and confirm this in a statement on the day the contract is signed.<\/li><\/ul><h6> <\/h6><h5><strong>Are you ready to prove yourself as an employee of one of the institutes of the \u0141ukasiewicz Research Network?<\/strong><br><strong>Send us your application<\/strong><\/h5><div> <\/div>\t\t\t\t\t\t\t\t<\/div>\n\t\t\t\t<\/div>\n\t\t\t\t<div class=\"elementor-element elementor-element-3352745 elementor-widget__width-initial elementor-widget elementor-widget-button\" data-id=\"3352745\" data-element_type=\"widget\" data-e-type=\"widget\" data-widget_type=\"button.default\">\n\t\t\t\t<div class=\"elementor-widget-container\">\n\t\t\t\t\t\t\t\t\t<div class=\"elementor-button-wrapper\">\n\t\t\t\t\t<a class=\"elementor-button elementor-button-link elementor-size-md\" href=\"https:\/\/system.erecruiter.pl\/FormTemplates\/RecruitmentForm.aspx?WebID=01da53c598424bd98d21e610083474dc%20%20\" target=\"_blank\">\n\t\t\t\t\t\t<span class=\"elementor-button-content-wrapper\">\n\t\t\t\t\t\t<span class=\"elementor-button-icon\">\n\t\t\t\t<svg xmlns=\"http:\/\/www.w3.org\/2000\/svg\" width=\"29\" height=\"12\" viewBox=\"0 0 29 12\" fill=\"none\"><path d=\"M1 5.25C0.585786 5.25 0.25 5.58579 0.25 6C0.25 6.41421 0.585786 6.75 1 6.75L1 5.25ZM28.5303 6.53033C28.8232 6.23744 28.8232 5.76257 28.5303 5.46967L23.7574 0.696701C23.4645 0.403808 22.9896 0.403808 22.6967 0.696701C22.4038 0.989594 22.4038 1.46447 22.6967 1.75736L26.9393 6L22.6967 10.2426C22.4038 10.5355 22.4038 11.0104 22.6967 11.3033C22.9896 11.5962 23.4645 11.5962 23.7574 11.3033L28.5303 6.53033ZM1 6.75L28 6.75L28 5.25L1 5.25L1 6.75Z\" fill=\"#030014\"><\/path><\/svg>\t\t\t<\/span>\n\t\t\t\t\t\t\t\t\t<span class=\"elementor-button-text\">APPLY <\/span>\n\t\t\t\t\t<\/span>\n\t\t\t\t\t<\/a>\n\t\t\t\t<\/div>\n\t\t\t\t\t\t\t\t<\/div>\n\t\t\t\t<\/div>\n\t\t\t\t<div class=\"elementor-element elementor-element-40b1d63 elementor-widget elementor-widget-text-editor\" data-id=\"40b1d63\" data-element_type=\"widget\" data-e-type=\"widget\" data-widget_type=\"text-editor.default\">\n\t\t\t\t<div class=\"elementor-widget-container\">\n\t\t\t\t\t\t\t\t\t<figure class=\"wp-block-table\"><p> <\/p><table><tbody><tr><td><em>Please add the following clause to your CV: &#8220;I consent to the processing of my personal data for the purposes of the recruitment process conducted by \u0141ukasiewicz \u2013 Institute of Industrial Chemistry with its registered office in Warsaw, in accordance with Article 6(1)(a) of the GDPR.<br>Additionally, I consent to the use of my CV in future recruitment processes organised by \u0141ukasiewicz \u2013 Institute of Industrial Chemistry. I am aware that I have the right to withdraw my consent at any time.<br>Additionally, I consent to the use of my CV in future recruitment processes organised by \u0141ukasiewicz \u2013 Industrial Chemistry Research Institute. I am aware that I have the right to withdraw this consent.&#8221;   <\/em><\/td><\/tr><\/tbody><\/table><\/figure><p><em>Thank you for your submissions. We will contact selected individuals. <\/em><\/p>\t\t\t\t\t\t\t\t<\/div>\n\t\t\t\t<\/div>\n\t\t\t\t<div class=\"elementor-element elementor-element-9d8e625 elementor-widget-divider--view-line elementor-widget elementor-widget-divider\" data-id=\"9d8e625\" data-element_type=\"widget\" data-e-type=\"widget\" data-widget_type=\"divider.default\">\n\t\t\t\t<div class=\"elementor-widget-container\">\n\t\t\t\t\t\t\t<div class=\"elementor-divider\">\n\t\t\t<span class=\"elementor-divider-separator\">\n\t\t\t\t\t\t<\/span>\n\t\t<\/div>\n\t\t\t\t\t\t<\/div>\n\t\t\t\t<\/div>\n\t\t\t\t\t<\/div>\n\t\t<\/div>\n\t\t\t\t\t<\/div>\n\t\t<\/section>\n\t\t\t\t<\/div>\n\t\t","protected":false},"excerpt":{"rendered":"<p>CAREER Internship programme Become an intern\/trainee at \u0141ukasiewicz &#8211; Industrial Chemistry Institute, the oldest research institute in Poland, successfully combining tradition with modernity! Find your place in a world where we combine science and modern technology every day. Make use of your existing knowledge gained during your studies and develop your potential with us! Our [&hellip;]<\/p>\n","protected":false},"author":123,"featured_media":0,"parent":0,"menu_order":0,"comment_status":"closed","ping_status":"closed","template":"","meta":{"_acf_changed":false,"_seopress_robots_primary_cat":"","_seopress_titles_title":"","_seopress_titles_desc":"We invite you to join our internship programme.","_seopress_robots_index":"","inline_featured_image":false,"footnotes":""},"class_list":["post-29790","page","type-page","status-publish","hentry"],"acf":[],"publishpress_future_action":{"enabled":false,"date":"2026-02-14 08:26:02","action":"change-status","newStatus":"draft","terms":[],"taxonomy":"translation_priority","extraData":[]},"publishpress_future_workflow_manual_trigger":{"enabledWorkflows":[]},"_links":{"self":[{"href":"https:\/\/ichp.lukasiewicz.gov.pl\/en\/wp-json\/wp\/v2\/pages\/29790","targetHints":{"allow":["GET"]}}],"collection":[{"href":"https:\/\/ichp.lukasiewicz.gov.pl\/en\/wp-json\/wp\/v2\/pages"}],"about":[{"href":"https:\/\/ichp.lukasiewicz.gov.pl\/en\/wp-json\/wp\/v2\/types\/page"}],"author":[{"embeddable":true,"href":"https:\/\/ichp.lukasiewicz.gov.pl\/en\/wp-json\/wp\/v2\/users\/123"}],"replies":[{"embeddable":true,"href":"https:\/\/ichp.lukasiewicz.gov.pl\/en\/wp-json\/wp\/v2\/comments?post=29790"}],"version-history":[{"count":4,"href":"https:\/\/ichp.lukasiewicz.gov.pl\/en\/wp-json\/wp\/v2\/pages\/29790\/revisions"}],"predecessor-version":[{"id":29794,"href":"https:\/\/ichp.lukasiewicz.gov.pl\/en\/wp-json\/wp\/v2\/pages\/29790\/revisions\/29794"}],"wp:attachment":[{"href":"https:\/\/ichp.lukasiewicz.gov.pl\/en\/wp-json\/wp\/v2\/media?parent=29790"}],"curies":[{"name":"wp","href":"https:\/\/api.w.org\/{rel}","templated":true}]}}