{"id":28894,"date":"2025-12-31T11:46:14","date_gmt":"2025-12-31T10:46:14","guid":{"rendered":"https:\/\/ichp.lukasiewicz.gov.pl\/?page_id=28894"},"modified":"2026-01-23T19:24:44","modified_gmt":"2026-01-23T18:24:44","slug":"director-lukasiewicz-industrial-chemistry-institute","status":"publish","type":"page","link":"https:\/\/ichp.lukasiewicz.gov.pl\/en\/about-us__trashed\/director-lukasiewicz-industrial-chemistry-institute\/","title":{"rendered":"Director \u0141ukasiewicz \u2013 Industrial Chemistry Institute"},"content":{"rendered":"\t\t<div data-elementor-type=\"wp-page\" data-elementor-id=\"28894\" class=\"elementor elementor-28894 elementor-28893\" data-elementor-post-type=\"page\">\n\t\t\t\t\t\t<section class=\"elementor-section elementor-top-section elementor-element elementor-element-49634585 elementor-section-boxed elementor-section-height-default elementor-section-height-default\" data-id=\"49634585\" data-element_type=\"section\" data-e-type=\"section\">\n\t\t\t\t\t\t<div class=\"elementor-container elementor-column-gap-default\">\n\t\t\t\t\t<div class=\"elementor-column elementor-col-100 elementor-top-column elementor-element elementor-element-7f7260d1\" data-id=\"7f7260d1\" data-element_type=\"column\" data-e-type=\"column\">\n\t\t\t<div class=\"elementor-widget-wrap elementor-element-populated\">\n\t\t\t\t\t\t<div class=\"elementor-element elementor-element-4491ba70 elementor-widget elementor-widget-heading\" data-id=\"4491ba70\" data-element_type=\"widget\" data-e-type=\"widget\" data-widget_type=\"heading.default\">\n\t\t\t\t<div class=\"elementor-widget-container\">\n\t\t\t\t\t<p class=\"elementor-heading-title elementor-size-default\">PEOPLE AND ORGANIZATION<\/p>\t\t\t\t<\/div>\n\t\t\t\t<\/div>\n\t\t\t\t<section class=\"elementor-section elementor-inner-section elementor-element elementor-element-10b7e9ce elementor-section-boxed elementor-section-height-default elementor-section-height-default\" data-id=\"10b7e9ce\" data-element_type=\"section\" data-e-type=\"section\">\n\t\t\t\t\t\t<div class=\"elementor-container elementor-column-gap-default\">\n\t\t\t\t\t<div class=\"elementor-column elementor-col-100 elementor-inner-column elementor-element elementor-element-52e845c9\" data-id=\"52e845c9\" data-element_type=\"column\" data-e-type=\"column\">\n\t\t\t<div class=\"elementor-widget-wrap elementor-element-populated\">\n\t\t\t\t\t\t<div class=\"elementor-element elementor-element-7bc87d49 elementor-widget elementor-widget-heading\" data-id=\"7bc87d49\" data-element_type=\"widget\" data-e-type=\"widget\" data-widget_type=\"heading.default\">\n\t\t\t\t<div class=\"elementor-widget-container\">\n\t\t\t\t\t<h2 class=\"elementor-heading-title elementor-size-default\">Management<\/h2>\t\t\t\t<\/div>\n\t\t\t\t<\/div>\n\t\t\t\t\t<\/div>\n\t\t<\/div>\n\t\t\t\t\t<\/div>\n\t\t<\/section>\n\t\t\t\t<section class=\"elementor-section elementor-inner-section elementor-element elementor-element-29b46ce white-box-cut elementor-section-boxed elementor-section-height-default elementor-section-height-default\" data-id=\"29b46ce\" data-element_type=\"section\" data-e-type=\"section\">\n\t\t\t\t\t\t<div class=\"elementor-container elementor-column-gap-custom\">\n\t\t\t\t\t<div class=\"elementor-column elementor-col-100 elementor-inner-column elementor-element elementor-element-2455bdec\" data-id=\"2455bdec\" data-element_type=\"column\" data-e-type=\"column\">\n\t\t\t<div class=\"elementor-widget-wrap\">\n\t\t\t\t\t\t\t<\/div>\n\t\t<\/div>\n\t\t\t\t\t<\/div>\n\t\t<\/section>\n\t\t\t\t<section class=\"elementor-section elementor-inner-section elementor-element elementor-element-9741b07 elementor-section-boxed elementor-section-height-default elementor-section-height-default\" data-id=\"9741b07\" data-element_type=\"section\" data-e-type=\"section\">\n\t\t\t\t\t\t<div class=\"elementor-container elementor-column-gap-default\">\n\t\t\t\t\t<div class=\"elementor-column elementor-col-50 elementor-inner-column elementor-element elementor-element-3e8fe94c\" data-id=\"3e8fe94c\" data-element_type=\"column\" data-e-type=\"column\">\n\t\t\t<div class=\"elementor-widget-wrap elementor-element-populated\">\n\t\t\t\t\t\t<div class=\"elementor-element elementor-element-5236fa3d elementor-widget elementor-widget-image\" data-id=\"5236fa3d\" data-element_type=\"widget\" data-e-type=\"widget\" data-widget_type=\"image.default\">\n\t\t\t\t<div class=\"elementor-widget-container\">\n\t\t\t\t\t\t\t\t\t\t\t\t\t\t\t<img fetchpriority=\"high\" decoding=\"async\" width=\"580\" height=\"636\" src=\"https:\/\/ichp.lukasiewicz.gov.pl\/wp-content\/uploads\/sites\/23\/2025\/04\/Ewa-Smigiera_scianka-nowa-768x842.jpg\" class=\"attachment-medium_large size-medium_large wp-image-23803\" alt=\"\" srcset=\"https:\/\/ichp.lukasiewicz.gov.pl\/wp-content\/uploads\/sites\/23\/2025\/04\/Ewa-Smigiera_scianka-nowa-768x842.jpg 768w, https:\/\/ichp.lukasiewicz.gov.pl\/wp-content\/uploads\/sites\/23\/2025\/04\/Ewa-Smigiera_scianka-nowa-274x300.jpg 274w, https:\/\/ichp.lukasiewicz.gov.pl\/wp-content\/uploads\/sites\/23\/2025\/04\/Ewa-Smigiera_scianka-nowa-934x1024.jpg 934w, https:\/\/ichp.lukasiewicz.gov.pl\/wp-content\/uploads\/sites\/23\/2025\/04\/Ewa-Smigiera_scianka-nowa-1401x1536.jpg 1401w, https:\/\/ichp.lukasiewicz.gov.pl\/wp-content\/uploads\/sites\/23\/2025\/04\/Ewa-Smigiera_scianka-nowa-1868x2048.jpg 1868w, https:\/\/ichp.lukasiewicz.gov.pl\/wp-content\/uploads\/sites\/23\/2025\/04\/Ewa-Smigiera_scianka-nowa-1200x1316.jpg 1200w, https:\/\/ichp.lukasiewicz.gov.pl\/wp-content\/uploads\/sites\/23\/2025\/04\/Ewa-Smigiera_scianka-nowa-1980x2171.jpg 1980w, https:\/\/ichp.lukasiewicz.gov.pl\/wp-content\/uploads\/sites\/23\/2025\/04\/Ewa-Smigiera_scianka-nowa-22x24.jpg 22w, https:\/\/ichp.lukasiewicz.gov.pl\/wp-content\/uploads\/sites\/23\/2025\/04\/Ewa-Smigiera_scianka-nowa-33x36.jpg 33w, https:\/\/ichp.lukasiewicz.gov.pl\/wp-content\/uploads\/sites\/23\/2025\/04\/Ewa-Smigiera_scianka-nowa-44x48.jpg 44w\" sizes=\"(max-width: 580px) 100vw, 580px\" \/>\t\t\t\t\t\t\t\t\t\t\t\t\t\t\t<\/div>\n\t\t\t\t<\/div>\n\t\t\t\t<div class=\"elementor-element elementor-element-c24c387 elementor-widget__width-initial elementor-widget elementor-widget-heading\" data-id=\"c24c387\" data-element_type=\"widget\" data-e-type=\"widget\" data-widget_type=\"heading.default\">\n\t\t\t\t<div class=\"elementor-widget-container\">\n\t\t\t\t\t<h5 class=\"elementor-heading-title elementor-size-default\">Ewa \u015aMIGIERA, PhD Sc. Eng. <\/h5>\t\t\t\t<\/div>\n\t\t\t\t<\/div>\n\t\t\t\t<div class=\"elementor-element elementor-element-24956497 elementor-widget__width-initial elementor-widget elementor-widget-heading\" data-id=\"24956497\" data-element_type=\"widget\" data-e-type=\"widget\" data-widget_type=\"heading.default\">\n\t\t\t\t<div class=\"elementor-widget-container\">\n\t\t\t\t\t<h6 class=\"elementor-heading-title elementor-size-default\">Director \u0141ukasiewicz \u2013 Industrial Chemistry Institute <\/h6>\t\t\t\t<\/div>\n\t\t\t\t<\/div>\n\t\t\t\t<div class=\"elementor-element elementor-element-0d4d758 elementor-widget-divider--view-line elementor-widget elementor-widget-divider\" data-id=\"0d4d758\" data-element_type=\"widget\" data-e-type=\"widget\" data-widget_type=\"divider.default\">\n\t\t\t\t<div class=\"elementor-widget-container\">\n\t\t\t\t\t\t\t<div class=\"elementor-divider\">\n\t\t\t<span class=\"elementor-divider-separator\">\n\t\t\t\t\t\t<\/span>\n\t\t<\/div>\n\t\t\t\t\t\t<\/div>\n\t\t\t\t<\/div>\n\t\t\t\t<div class=\"elementor-element elementor-element-3df367c elementor-widget elementor-widget-text-editor\" data-id=\"3df367c\" data-element_type=\"widget\" data-e-type=\"widget\" data-widget_type=\"text-editor.default\">\n\t\t\t\t<div class=\"elementor-widget-container\">\n\t\t\t\t\t\t\t\t\t<p>phone: +48 22 568 22 43,\u00a0 <br \/>\u00a0 \u00a0 \u00a0 \u00a0 \u00a0 \u00a0 \u00a0 +48 22 633 97 98,<br \/>\u00a0 \u00a0 \u00a0 \u00a0 \u00a0 \u00a0 \u00a0 +48 510 968 563 <a href=\"mailto:ewa.smigiera@ichp.lukasiewicz.gov.pl\" target=\"_blank\" rel=\"noopener\">ewa.smigiera@ichp.lukasiewicz.gov.pl<\/a><br \/><a href=\"mailto:sekretariat@ichp.lukasiewicz.gov.pl\" target=\"_blank\" rel=\"noopener\">sekretariat@ichp.lukasiewicz.gov.pl<\/a><\/p>\t\t\t\t\t\t\t\t<\/div>\n\t\t\t\t<\/div>\n\t\t\t\t\t<\/div>\n\t\t<\/div>\n\t\t\t\t<div class=\"elementor-column elementor-col-50 elementor-inner-column elementor-element elementor-element-21d8243c\" data-id=\"21d8243c\" data-element_type=\"column\" data-e-type=\"column\" data-settings=\"{&quot;background_background&quot;:&quot;classic&quot;}\">\n\t\t\t<div class=\"elementor-widget-wrap elementor-element-populated\">\n\t\t\t\t\t\t<div class=\"elementor-element elementor-element-e0816de elementor-widget__width-initial elementor-widget elementor-widget-text-editor\" data-id=\"e0816de\" data-element_type=\"widget\" data-e-type=\"widget\" data-widget_type=\"text-editor.default\">\n\t\t\t\t<div class=\"elementor-widget-container\">\n\t\t\t\t\t\t\t\t\t<p>Graduated from the Faculty of Chemical and Process Engineering at Warsaw University of Technology (1998). She graduated in 2021 with an MBA in Finance Technology, in 2023. POST MBA Digital Transformation and in 2024 study \u2013 Academy of Leadership Psychology at the Business School of Warsaw University of Technology. In 2013, she completed postgraduate studies in Project Management at the College of Ecology and Innovation in Lublin. In 2007, she received a doctorate in technical sciences from the Industrial Chemistry Institute.      <\/p>\n<p>Since 1998, she has been employed at the \u0141ukasiewicz Research Network \u2013 Industrial Chemistry Institute in Warsaw (formerly the Industrial Chemistry Institute). <\/p>\n<p>In 2015-2016, she was Chairman of the Board of ChemSpin sp. z o.o., established by \u0141ukasiewicz \u2013 ICI (100% of shares) to commercialize the results of research generated at the Institute.<\/p>\n<p>In 2017-2018, she served as Head of the Technology Transfer Office at \u0141ukasiewicz \u2013 ICI.<\/p>\n<p>From 2017 until VI.2024, she was a member (most recently chairperson) of the Supervisory Board of Silikony Polskie sp. z o.o., co-owned by \u0141ukasiewicz &#8211; ICI.   <\/p>\n<p>Since 2019, he has been a representative of the Minister of Science on the Scientific Council of the Institute of Fuel and Energy Technology (formerly IChPW), and since 2023 &#8211; \u0141ukasiewicz &#8211; ICI representative on the Employers&#8217; Council (chemistry faculty) at the College of Engineering and Health Sciences in Warsaw.   <\/p>\n<p>In January 2018, she was appointed Deputy Director for Research and Commercialization at \u0141ukasiewicz \u2013 ICI and was responsible for managing the Research Department (chemistry, biotechnology, pharmacy area) and the Commercialization and Technology Transfer Department.  <\/p>\n<p>On May 15, 2024, by decision of the President of the \u0141ukasiewicz Center, she was appointed Director of \u0141ukasiewicz &#8211; Industrial Chemistry Institute of named after Prof. Ignacy Mo\u015bcicki.   <\/p>\n\t\t\t\t\t\t\t\t<\/div>\n\t\t\t\t<\/div>\n\t\t\t\t\t<\/div>\n\t\t<\/div>\n\t\t\t\t\t<\/div>\n\t\t<\/section>\n\t\t\t\t\t<\/div>\n\t\t<\/div>\n\t\t\t\t\t<\/div>\n\t\t<\/section>\n\t\t\t\t<section class=\"elementor-section elementor-top-section elementor-element elementor-element-4003457 elementor-section-boxed elementor-section-height-default elementor-section-height-default\" data-id=\"4003457\" data-element_type=\"section\" data-e-type=\"section\">\n\t\t\t\t\t\t<div class=\"elementor-container elementor-column-gap-default\">\n\t\t\t\t\t<div class=\"elementor-column elementor-col-100 elementor-top-column elementor-element elementor-element-460156a\" data-id=\"460156a\" data-element_type=\"column\" data-e-type=\"column\">\n\t\t\t<div class=\"elementor-widget-wrap elementor-element-populated\">\n\t\t\t\t\t\t<div class=\"elementor-element elementor-element-762310c elementor-widget-divider--view-line elementor-widget elementor-widget-divider\" data-id=\"762310c\" data-element_type=\"widget\" data-e-type=\"widget\" data-widget_type=\"divider.default\">\n\t\t\t\t<div class=\"elementor-widget-container\">\n\t\t\t\t\t\t\t<div class=\"elementor-divider\">\n\t\t\t<span class=\"elementor-divider-separator\">\n\t\t\t\t\t\t<\/span>\n\t\t<\/div>\n\t\t\t\t\t\t<\/div>\n\t\t\t\t<\/div>\n\t\t\t\t\t<\/div>\n\t\t<\/div>\n\t\t\t\t\t<\/div>\n\t\t<\/section>\n\t\t\t\t<\/div>\n\t\t","protected":false},"excerpt":{"rendered":"<p>PEOPLE AND ORGANIZATION Management Ewa \u015aMIGIERA, PhD Sc. Eng. Director \u0141ukasiewicz \u2013 Industrial Chemistry Institute phone: +48 22 568 22 43,\u00a0 \u00a0 \u00a0 \u00a0 \u00a0 \u00a0 \u00a0 \u00a0 +48 22 633 97 98,\u00a0 \u00a0 \u00a0 \u00a0 \u00a0 \u00a0 \u00a0 +48 510 968 563 ewa.smigiera@ichp.lukasiewicz.gov.plsekretariat@ichp.lukasiewicz.gov.pl Graduated from the Faculty of Chemical and Process Engineering at Warsaw [&hellip;]<\/p>\n","protected":false},"author":125,"featured_media":0,"parent":19970,"menu_order":0,"comment_status":"closed","ping_status":"closed","template":"","meta":{"_acf_changed":false,"_seopress_robots_primary_cat":"","_seopress_titles_title":"Management","_seopress_titles_desc":"","_seopress_robots_index":"","inline_featured_image":false,"footnotes":""},"class_list":["post-28894","page","type-page","status-publish","hentry"],"acf":[],"publishpress_future_action":{"enabled":false,"date":"2026-02-18 01:17:15","action":"change-status","newStatus":"draft","terms":[],"taxonomy":"translation_priority","extraData":[]},"publishpress_future_workflow_manual_trigger":{"enabledWorkflows":[]},"_links":{"self":[{"href":"https:\/\/ichp.lukasiewicz.gov.pl\/en\/wp-json\/wp\/v2\/pages\/28894","targetHints":{"allow":["GET"]}}],"collection":[{"href":"https:\/\/ichp.lukasiewicz.gov.pl\/en\/wp-json\/wp\/v2\/pages"}],"about":[{"href":"https:\/\/ichp.lukasiewicz.gov.pl\/en\/wp-json\/wp\/v2\/types\/page"}],"author":[{"embeddable":true,"href":"https:\/\/ichp.lukasiewicz.gov.pl\/en\/wp-json\/wp\/v2\/users\/125"}],"replies":[{"embeddable":true,"href":"https:\/\/ichp.lukasiewicz.gov.pl\/en\/wp-json\/wp\/v2\/comments?post=28894"}],"version-history":[{"count":5,"href":"https:\/\/ichp.lukasiewicz.gov.pl\/en\/wp-json\/wp\/v2\/pages\/28894\/revisions"}],"predecessor-version":[{"id":29605,"href":"https:\/\/ichp.lukasiewicz.gov.pl\/en\/wp-json\/wp\/v2\/pages\/28894\/revisions\/29605"}],"up":[{"embeddable":true,"href":"https:\/\/ichp.lukasiewicz.gov.pl\/en\/wp-json\/wp\/v2\/pages\/19970"}],"wp:attachment":[{"href":"https:\/\/ichp.lukasiewicz.gov.pl\/en\/wp-json\/wp\/v2\/media?parent=28894"}],"curies":[{"name":"wp","href":"https:\/\/api.w.org\/{rel}","templated":true}]}}