{"id":20703,"date":"2024-02-20T10:11:52","date_gmt":"2024-02-20T09:11:52","guid":{"rendered":"https:\/\/ichp.lukasiewicz.gov.pl\/about-us\/pharmaceutical-products-department\/"},"modified":"2025-01-09T09:32:02","modified_gmt":"2025-01-09T08:32:02","slug":"pharmaceutical-products-department","status":"publish","type":"page","link":"https:\/\/ichp.lukasiewicz.gov.pl\/en\/about-us__trashed\/pharmaceutical-products-department\/","title":{"rendered":"Pharmaceutical Products Department"},"content":{"rendered":"\t\t<div data-elementor-type=\"wp-page\" data-elementor-id=\"20703\" class=\"elementor elementor-20703 elementor-17230\" data-elementor-post-type=\"page\">\n\t\t\t\t\t\t<section class=\"elementor-section elementor-top-section elementor-element elementor-element-20a6643c elementor-section-boxed elementor-section-height-default elementor-section-height-default\" data-id=\"20a6643c\" data-element_type=\"section\" data-e-type=\"section\">\n\t\t\t\t\t\t<div class=\"elementor-container elementor-column-gap-default\">\n\t\t\t\t\t<div class=\"elementor-column elementor-col-50 elementor-top-column elementor-element elementor-element-5b58c09d\" data-id=\"5b58c09d\" data-element_type=\"column\" data-e-type=\"column\">\n\t\t\t<div class=\"elementor-widget-wrap elementor-element-populated\">\n\t\t\t\t\t\t<div class=\"elementor-element elementor-element-7c066d58 elementor-widget elementor-widget-heading\" data-id=\"7c066d58\" data-element_type=\"widget\" data-e-type=\"widget\" data-widget_type=\"heading.default\">\n\t\t\t\t<div class=\"elementor-widget-container\">\n\t\t\t\t\t<h3 class=\"elementor-heading-title elementor-size-default\">Pharmaceutical Products Department<\/h3>\t\t\t\t<\/div>\n\t\t\t\t<\/div>\n\t\t\t\t<section class=\"elementor-section elementor-inner-section elementor-element elementor-element-2975534d elementor-section-boxed elementor-section-height-default elementor-section-height-default\" data-id=\"2975534d\" data-element_type=\"section\" data-e-type=\"section\">\n\t\t\t\t\t\t<div class=\"elementor-container elementor-column-gap-default\">\n\t\t\t\t\t<div class=\"elementor-column elementor-col-50 elementor-inner-column elementor-element elementor-element-7a51ac29\" data-id=\"7a51ac29\" data-element_type=\"column\" data-e-type=\"column\">\n\t\t\t<div class=\"elementor-widget-wrap elementor-element-populated\">\n\t\t\t\t\t\t<div class=\"elementor-element elementor-element-58047564 elementor-widget__width-initial elementor-widget elementor-widget-image\" data-id=\"58047564\" data-element_type=\"widget\" data-e-type=\"widget\" data-widget_type=\"image.default\">\n\t\t\t\t<div class=\"elementor-widget-container\">\n\t\t\t\t\t\t\t\t\t\t\t\t\t\t\t<img fetchpriority=\"high\" decoding=\"async\" width=\"580\" height=\"771\" src=\"https:\/\/ichp.lukasiewicz.gov.pl\/wp-content\/uploads\/sites\/23\/2024\/11\/Wojciech_Maszewski_OK.jpg\" class=\"attachment-medium_large size-medium_large wp-image-21865\" alt=\"\" srcset=\"https:\/\/ichp.lukasiewicz.gov.pl\/wp-content\/uploads\/sites\/23\/2024\/11\/Wojciech_Maszewski_OK.jpg 752w, https:\/\/ichp.lukasiewicz.gov.pl\/wp-content\/uploads\/sites\/23\/2024\/11\/Wojciech_Maszewski_OK-226x300.jpg 226w, https:\/\/ichp.lukasiewicz.gov.pl\/wp-content\/uploads\/sites\/23\/2024\/11\/Wojciech_Maszewski_OK-18x24.jpg 18w, https:\/\/ichp.lukasiewicz.gov.pl\/wp-content\/uploads\/sites\/23\/2024\/11\/Wojciech_Maszewski_OK-27x36.jpg 27w, https:\/\/ichp.lukasiewicz.gov.pl\/wp-content\/uploads\/sites\/23\/2024\/11\/Wojciech_Maszewski_OK-36x48.jpg 36w\" sizes=\"(max-width: 580px) 100vw, 580px\" \/>\t\t\t\t\t\t\t\t\t\t\t\t\t\t\t<\/div>\n\t\t\t\t<\/div>\n\t\t\t\t\t<\/div>\n\t\t<\/div>\n\t\t\t\t<div class=\"elementor-column elementor-col-50 elementor-inner-column elementor-element elementor-element-2f9e5cbc\" data-id=\"2f9e5cbc\" data-element_type=\"column\" data-e-type=\"column\">\n\t\t\t<div class=\"elementor-widget-wrap elementor-element-populated\">\n\t\t\t\t\t\t<div class=\"elementor-element elementor-element-40a11bec elementor-widget__width-initial elementor-widget elementor-widget-text-editor\" data-id=\"40a11bec\" data-element_type=\"widget\" data-e-type=\"widget\" data-widget_type=\"text-editor.default\">\n\t\t\t\t<div class=\"elementor-widget-container\">\n\t\t\t\t\t\t\t\t\t<h5><strong>Director<\/strong><\/h5>\n<h6><strong>Wojciech Maszewski, M. Sc.<\/strong><\/h6>\n<h6>phone +48 603 507 690<\/h6>\n<h6><a href=\"mailto:wojciech.maszewski@ichp.lukasiewicz.gov.pl\" target=\"_blank\" rel=\"noopener\">wojciech.maszewski@ichp.lukasiewicz.gov.pl<\/a><\/h6>\n\t\t\t\t\t\t\t\t<\/div>\n\t\t\t\t<\/div>\n\t\t\t\t\t<\/div>\n\t\t<\/div>\n\t\t\t\t\t<\/div>\n\t\t<\/section>\n\t\t\t\t<div class=\"elementor-element elementor-element-40eb0b5 elementor-widget__width-initial elementor-widget elementor-widget-accordion\" data-id=\"40eb0b5\" data-element_type=\"widget\" data-e-type=\"widget\" data-widget_type=\"accordion.default\">\n\t\t\t\t<div class=\"elementor-widget-container\">\n\t\t\t\t\t\t\t<div class=\"elementor-accordion\">\n\t\t\t\t\t\t\t<div class=\"elementor-accordion-item\">\n\t\t\t\t\t<div id=\"elementor-tab-title-6801\" class=\"elementor-tab-title\" data-tab=\"1\" role=\"button\" aria-controls=\"elementor-tab-content-6801\" aria-expanded=\"false\">\n\t\t\t\t\t\t\t\t\t\t\t\t<a class=\"elementor-accordion-title\" tabindex=\"0\">SEMI-TECHNICAL DIVISION<\/a>\n\t\t\t\t\t<\/div>\n\t\t\t\t\t<div id=\"elementor-tab-content-6801\" class=\"elementor-tab-content elementor-clearfix\" data-tab=\"1\" role=\"region\" aria-labelledby=\"elementor-tab-title-6801\"><h5><strong>Head<\/strong><\/h5>\n<h6>Zbigniew Ara\u017any, PhD. Sc.<\/h6>\n<h6>phone +48 453 056 268<\/h6>\n<h6><a href=\"mailto:zbigniew.arazny@ichp.lukasiewicz.gov.pl\" target=\"_blank\" rel=\"noopener\">zbigniew.arazny@ichp.lukasiewicz.gov.pl<\/a><\/h6>\n<\/p>\n<p>The activities of the Semi-Technical Department include research and implementation work on a semi-technical scale (development of documentation, enlargement of the laboratory scale, optimization and validation of the technological process) and production of active substances.<\/p>\n<p><strong>Active substances (APIs)<\/strong> are produced in premises completely modernized in 2005-2007, equipped with modern apparatus and technological installations that meet European pharmaceutical requirements.<\/p>\n<p><img decoding=\"async\" class=\"alignnone wp-image-16448 size-full\" src=\"https:\/\/ichp.lukasiewicz.gov.pl\/wp-content\/uploads\/sites\/23\/2023\/12\/dzial_poltechnik_farmacja_OK.jpg\" alt=\"\" width=\"2362\" height=\"1306\" srcset=\"https:\/\/ichp.lukasiewicz.gov.pl\/wp-content\/uploads\/sites\/23\/2023\/12\/dzial_poltechnik_farmacja_OK.jpg 2362w, https:\/\/ichp.lukasiewicz.gov.pl\/wp-content\/uploads\/sites\/23\/2023\/12\/dzial_poltechnik_farmacja_OK-300x166.jpg 300w, https:\/\/ichp.lukasiewicz.gov.pl\/wp-content\/uploads\/sites\/23\/2023\/12\/dzial_poltechnik_farmacja_OK-1024x566.jpg 1024w, https:\/\/ichp.lukasiewicz.gov.pl\/wp-content\/uploads\/sites\/23\/2023\/12\/dzial_poltechnik_farmacja_OK-768x425.jpg 768w, https:\/\/ichp.lukasiewicz.gov.pl\/wp-content\/uploads\/sites\/23\/2023\/12\/dzial_poltechnik_farmacja_OK-1536x849.jpg 1536w, https:\/\/ichp.lukasiewicz.gov.pl\/wp-content\/uploads\/sites\/23\/2023\/12\/dzial_poltechnik_farmacja_OK-2048x1132.jpg 2048w, https:\/\/ichp.lukasiewicz.gov.pl\/wp-content\/uploads\/sites\/23\/2023\/12\/dzial_poltechnik_farmacja_OK-1200x664.jpg 1200w, https:\/\/ichp.lukasiewicz.gov.pl\/wp-content\/uploads\/sites\/23\/2023\/12\/dzial_poltechnik_farmacja_OK-1980x1095.jpg 1980w\" sizes=\"(max-width: 2362px) 100vw, 2362px\" \/><\/p>\n<p>The technological process is controlled and documented for quality and purity in accordance with Good Manufacturing Practice (GMP) requirements. The final stages of active substance production are carried out in a controlled gray zone, where 3 lines for the product purification process and 2 lines for final technological operations have been installed. <\/p>\n<\/div>\n\t\t\t\t<\/div>\n\t\t\t\t\t\t\t<div class=\"elementor-accordion-item\">\n\t\t\t\t\t<div id=\"elementor-tab-title-6802\" class=\"elementor-tab-title\" data-tab=\"2\" role=\"button\" aria-controls=\"elementor-tab-content-6802\" aria-expanded=\"false\">\n\t\t\t\t\t\t\t\t\t\t\t\t<a class=\"elementor-accordion-title\" tabindex=\"0\">MINISYNTHESIS DIVISION<\/a>\n\t\t\t\t\t<\/div>\n\t\t\t\t\t<div id=\"elementor-tab-content-6802\" class=\"elementor-tab-content elementor-clearfix\" data-tab=\"2\" role=\"region\" aria-labelledby=\"elementor-tab-title-6802\"><h5><strong>Head<\/strong><\/h5>\n<h6>Agnieszka Zaniewska, M. Sc. Eng. <\/h6>\n<h6>phone +48 721 991 512<\/h6>\n<h6><a href=\"mailto:agnieszka.zaniewska@ichp.lukasiewicz.gov.pl\" target=\"_blank\" rel=\"noopener\">agnieszka.zaniewska@ichp.lukasiewicz.gov.pl<\/a><\/h6>\n<\/p>\n<p>Dzia\u0142 Minisyntez prowadzi badania nad technologiami wytwarzania aktywnych substancji farmaceutycznych i wytwarza takie substancje w ma\u0142ej skali, od gram\u00f3w do kilogram\u00f3w. Prace badawcze ogniskuj\u0105 si\u0119 wok\u00f3\u0142 rozwoju technologii wytwarzania, g\u0142\u00f3wnie powi\u0119kszania skali, optymalizacji i walidacji proces\u00f3w. Opracowane technologie stosowane s\u0105 we w\u0142asnym oddziale produkcyjnym lub oferowane innym firmom farmaceutycznym. Pracownicy zatrudnieni w zak\u0142adzie maj\u0105 du\u017ce do\u015bwiadczenie w prowadzeniu syntez w r\u00f3\u017cnej skali, w pracy z agresywnymi chemikaliami takimi jak: chlorowod\u00f3r, fluorowod\u00f3r, dwutlenek siarki, zwi\u0105zki metaloorganiczne (np. zwi\u0105zki Grignarda, alkilolit) i w oczyszczaniu substancji r\u00f3\u017cnorodnym technikami.<\/p>\n<p><img decoding=\"async\" class=\"aligncenter wp-image-16437 size-full\" src=\"https:\/\/ichp.lukasiewicz.gov.pl\/wp-content\/uploads\/sites\/23\/2023\/12\/DSC02769-scaled.jpg\" alt=\"\" width=\"2560\" height=\"1477\" srcset=\"https:\/\/ichp.lukasiewicz.gov.pl\/wp-content\/uploads\/sites\/23\/2023\/12\/DSC02769-scaled.jpg 2560w, https:\/\/ichp.lukasiewicz.gov.pl\/wp-content\/uploads\/sites\/23\/2023\/12\/DSC02769-300x173.jpg 300w, https:\/\/ichp.lukasiewicz.gov.pl\/wp-content\/uploads\/sites\/23\/2023\/12\/DSC02769-1024x591.jpg 1024w, https:\/\/ichp.lukasiewicz.gov.pl\/wp-content\/uploads\/sites\/23\/2023\/12\/DSC02769-768x443.jpg 768w, https:\/\/ichp.lukasiewicz.gov.pl\/wp-content\/uploads\/sites\/23\/2023\/12\/DSC02769-1536x886.jpg 1536w, https:\/\/ichp.lukasiewicz.gov.pl\/wp-content\/uploads\/sites\/23\/2023\/12\/DSC02769-2048x1181.jpg 2048w, https:\/\/ichp.lukasiewicz.gov.pl\/wp-content\/uploads\/sites\/23\/2023\/12\/DSC02769-1200x692.jpg 1200w, https:\/\/ichp.lukasiewicz.gov.pl\/wp-content\/uploads\/sites\/23\/2023\/12\/DSC02769-1980x1142.jpg 1980w\" sizes=\"(max-width: 2560px) 100vw, 2560px\" \/><\/p>\n<p><strong>Aktywne substancje farmaceutyczne (API)<\/strong> s\u0105 produkowane w Dziale Minisyntez w pomieszczeniach dedykowanych z zachowaniem wszelkich wymaga\u0144 dobrej praktyki wytwarzania (GMP). Posiadamy wydane przez G\u0142\u00f3wnego Inspektora Farmacetycznego certyfikaty GMP dla alfacalcidolu, calcifediolu, calcitriolu, calcipotriolu, tacalcidolu, anastrozolu i latanoprostu. Nasze produkty s\u0105 sprzedawane na ca\u0142ym \u015bwiecie: Japonii, Chinach, Tajlandii, Meksyku i w licznych krajach europejskich.<\/p>\n<\/div>\n\t\t\t\t<\/div>\n\t\t\t\t\t\t\t<div class=\"elementor-accordion-item\">\n\t\t\t\t\t<div id=\"elementor-tab-title-6803\" class=\"elementor-tab-title\" data-tab=\"3\" role=\"button\" aria-controls=\"elementor-tab-content-6803\" aria-expanded=\"false\">\n\t\t\t\t\t\t\t\t\t\t\t\t<a class=\"elementor-accordion-title\" tabindex=\"0\">TRADE DIVISION<\/a>\n\t\t\t\t\t<\/div>\n\t\t\t\t\t<div id=\"elementor-tab-content-6803\" class=\"elementor-tab-content elementor-clearfix\" data-tab=\"3\" role=\"region\" aria-labelledby=\"elementor-tab-title-6803\"><h5><strong>Head<\/strong><\/h5>\n<h6>Anna Nikonowicz, PhD Sc.<\/h6>\n<h6>phone +48 601 191 135<\/h6>\n<h6><a href=\"mailto:anna.nikonowicz@ichp.lukasiewicz.gov.pl\" target=\"_blank\" rel=\"noopener\">anna.nikonowicz@ichp.lukasiewicz.gov.pl<\/a><\/h6>\n<\/p>\n<p>Zadaniem Dzia\u0142u Handlu jest wsp\u00f3\u0142praca z klientami biznesowymi, kt\u00f3rzy s\u0105 zainteresowani <strong>pozyskaniem substancji czynnych (API)<\/strong> do cel\u00f3w produkcyjnych b\u0105d\u017a handlowych, a tak\u017ce promocja wytwarzanych w Instytucie produkt\u00f3w farmaceutycznych. Naszym celem jest r\u00f3wnie\u017c pozyskiwanie nowych partner\u00f3w biznesowych oraz podmiot\u00f3w naukowo-badawczych do wsp\u00f3\u0142pracy w zakresie rozwoju oferty produktowej naszego Instytutu, maj\u0105cego wieloletnie do\u015bwiadczenie w syntezie chemicznej.<\/p>\n<p>In cooperation with the Minisynthesis and Semi-Technical Departments, we are responsible for coordinating the production process and negotiating the terms of sale of pharmaceutical certified products offered to customers.<\/p>\n<p>Our expertise and experience translate into the highest quality of business services in relations with customers.<\/p>\n<p>In addition to the active substances, our team is fully responsible for the medicinal product called <strong>Biodribin<sup><a href=\"https:\/\/rejestrymedyczne.ezdrowie.gov.pl\/rpl\/search\/public\" target=\"_blank\" rel=\"noopener noreferrer\">\u00ae<\/a><\/sup><\/strong> and its approval for the pharmaceutical market.<\/p>\n<p>WE INVITE YOU!<\/p>\n<\/div>\n\t\t\t\t<\/div>\n\t\t\t\t\t\t\t<div class=\"elementor-accordion-item\">\n\t\t\t\t\t<div id=\"elementor-tab-title-6804\" class=\"elementor-tab-title\" data-tab=\"4\" role=\"button\" aria-controls=\"elementor-tab-content-6804\" aria-expanded=\"false\">\n\t\t\t\t\t\t\t\t\t\t\t\t<a class=\"elementor-accordion-title\" tabindex=\"0\">CERTIFICATES<\/a>\n\t\t\t\t\t<\/div>\n\t\t\t\t\t<div id=\"elementor-tab-content-6804\" class=\"elementor-tab-content elementor-clearfix\" data-tab=\"4\" role=\"region\" aria-labelledby=\"elementor-tab-title-6804\"><h5><strong>Certificates<\/strong><\/h5>\n<\/p>\n<p><strong>Good Manufacturing Practice Certificate (GMP)<\/strong><\/p>\n<p>Confirming the manufacturing quality of the active substances alfacalcidol, calcifediol hydrate, calcipotriol anhydrous, paricalcitol, brinzolamide<br \/>Publisher: General Pharmaceutical Inspector (GIF)<br \/>No cert.: IWSC.405.23.2019.ES.1-1\/WTC\/0079_01_02\/133<\/p>\n<p><a href=\"https:\/\/ichp.lukasiewicz.gov.pl\/wp-content\/uploads\/sites\/23\/2023\/09\/GMP-certificate.pdf\" target=\"_blank\" rel=\"noopener\"><span style=\"text-decoration: underline\">Download<\/span><\/a><\/p>\n<\/p>\n<p><strong>Good Manufacturing Practice Certificate (GMP)<\/strong><\/p>\n<p>Confirming the manufacturing quality of the active substances carvedilol, (+)-clopidogrel bisulfatePublisher: General Pharmaceutical Inspector (GIF)No cert. GIF-IW-400\/0079_01_02\/04\/86\/17<\/p>\n<p><span style=\"text-decoration: underline\"><a href=\"https:\/\/ichp.lukasiewicz.gov.pl\/wp-content\/uploads\/sites\/23\/2023\/09\/2_certyfilat_GMP_2.pdf\" target=\"_blank\" rel=\"noopener\">Download<\/a><\/span><\/p>\n<\/p>\n<p><strong>Good Manufacturing Practice Certificate (GMP)<\/strong><\/p>\n<p>Confirming the quality of a medicinal product intended for human use.Publisher: General Pharmaceutical Inspector (GIF)No cert.: IWSC.405.102.2022.IP.2\/WTC\/0079_01_01\/238<\/p>\n<p><span style=\"text-decoration: underline\"><a href=\"https:\/\/ichp.lukasiewicz.gov.pl\/wp-content\/uploads\/sites\/23\/2023\/09\/GMP-Rydygiera-badany-produkt-leczncizy_2022.pdf\" target=\"_blank\" rel=\"noopener\">Download<\/a><\/span><\/p>\n<\/p>\n<p><strong>Good Laboratory Practice Certificate (GLP)<\/strong><\/p>\n<p>Confirming the quality of pharmacokinetic and bioanalytical studies, including equivalence and bioavailability studiesPublisher: Bureau of Chemical SubstancesNo cert.: 25\/2020\/DPL <\/p>\n<p><a href=\"https:\/\/ichp.lukasiewicz.gov.pl\/wp-content\/uploads\/sites\/23\/2023\/09\/certyfikat-GLP-6_2022.pdf\" target=\"_blank\" rel=\"noopener\"><span style=\"text-decoration: underline\">Download<\/span><\/a><\/p>\n<\/p>\n<p><strong>Accreditation in Japan<\/strong><\/p>\n<p>Accreditation of foreign manufacturer of medicinal productsPublisher: Ministry of Health, Labor and Welfare of JapanNo cert.: AG22300014<\/p>\n<p><a href=\"https:\/\/ichp.lukasiewicz.gov.pl\/wp-content\/uploads\/sites\/23\/2023\/09\/5_certificate_JAPAN.pdf\" target=\"_blank\" rel=\"noopener\"><span style=\"text-decoration: underline\">Download<\/span><\/a><\/p>\n<\/p>\n<p><strong>Good Manufacturing Practice Certificate (GMP)<\/strong><\/p>\n<p>Medicinal products for humansPublisher: Chief Pharmaceutical Inspector (GIF)No cert.: IWPS.405.102.2022.IP.1\/ WTC\/0079_01_01\/237<\/p>\n<p><a href=\"https:\/\/ichp.lukasiewicz.gov.pl\/wp-content\/uploads\/sites\/23\/2023\/09\/GMP-Rydygiera-Produkt-leczniczy_2022.pdf\" target=\"_blank\" rel=\"noopener\"><span style=\"text-decoration: underline\">Download<\/span><\/a><\/p>\n<\/p>\n<p><strong>Good Manufacturing Practice Certificate (GMP)<\/strong><\/p>\n<p>Veterinary medicinal productsPublisher: Chief Pharmaceutical Inspector (GIF)No cert.: IWPS.405.9.2020.AL.2 WTC\/0034_01_01\/149 <\/p>\n<p><a href=\"https:\/\/ichp.lukasiewicz.gov.pl\/wp-content\/uploads\/sites\/23\/2023\/09\/Certyfikat-GMP-2020-Produkty-lecznicze-weterynaryjne.pdf\" target=\"_blank\" rel=\"noopener\"><span style=\"text-decoration: underline\">Download<\/span><\/a><\/p>\n<\/p>\n<p><strong>Good Manufacturing Practice Certificate (GMP)<\/strong><\/p>\n<p>Tested medicinal products for humansPublisher: Chief Pharmaceutical Inspector (GIF)No cert.: IWPS.405.118.2022.OP.1\/ WTC\/0034_01_01\/260<\/p>\n<p><a href=\"https:\/\/ichp.lukasiewicz.gov.pl\/wp-content\/uploads\/sites\/23\/2023\/09\/GMP-Staroscinska-Produkt-leczniczy-dla-ludzi_2022.pdf\" target=\"_blank\" rel=\"noopener\"><span style=\"text-decoration: underline\">Download<\/span><\/a><\/p>\n<\/div>\n\t\t\t\t<\/div>\n\t\t\t\t\t\t\t\t<\/div>\n\t\t\t\t\t\t<\/div>\n\t\t\t\t<\/div>\n\t\t\t\t<div class=\"elementor-element elementor-element-7d6f6069 elementor-widget elementor-widget-button\" data-id=\"7d6f6069\" data-element_type=\"widget\" data-e-type=\"widget\" data-widget_type=\"button.default\">\n\t\t\t\t<div class=\"elementor-widget-container\">\n\t\t\t\t\t\t\t\t\t<div class=\"elementor-button-wrapper\">\n\t\t\t\t\t<a class=\"elementor-button elementor-button-link elementor-size-sm\" href=\"https:\/\/ichp.lukasiewicz.gov.pl\/en\/offer-from-the-pharmaceutical-products-department\/\" target=\"_blank\">\n\t\t\t\t\t\t<span class=\"elementor-button-content-wrapper\">\n\t\t\t\t\t\t<span class=\"elementor-button-icon\">\n\t\t\t\t<svg xmlns=\"http:\/\/www.w3.org\/2000\/svg\" width=\"29\" height=\"12\" viewBox=\"0 0 29 12\" fill=\"none\"><path d=\"M1 5.25C0.585786 5.25 0.25 5.58579 0.25 6C0.25 6.41421 0.585786 6.75 1 6.75L1 5.25ZM28.5303 6.53033C28.8232 6.23744 28.8232 5.76257 28.5303 5.46967L23.7574 0.696701C23.4645 0.403808 22.9896 0.403808 22.6967 0.696701C22.4038 0.989594 22.4038 1.46447 22.6967 1.75736L26.9393 6L22.6967 10.2426C22.4038 10.5355 22.4038 11.0104 22.6967 11.3033C22.9896 11.5962 23.4645 11.5962 23.7574 11.3033L28.5303 6.53033ZM1 6.75L28 6.75L28 5.25L1 5.25L1 6.75Z\" fill=\"#030014\"><\/path><\/svg>\t\t\t<\/span>\n\t\t\t\t\t\t\t\t\t<span class=\"elementor-button-text\">Offer<\/span>\n\t\t\t\t\t<\/span>\n\t\t\t\t\t<\/a>\n\t\t\t\t<\/div>\n\t\t\t\t\t\t\t\t<\/div>\n\t\t\t\t<\/div>\n\t\t\t\t\t<\/div>\n\t\t<\/div>\n\t\t\t\t<div class=\"elementor-column elementor-col-50 elementor-top-column elementor-element elementor-element-1cdce4d0\" data-id=\"1cdce4d0\" data-element_type=\"column\" data-e-type=\"column\">\n\t\t\t<div class=\"elementor-widget-wrap elementor-element-populated\">\n\t\t\t\t\t\t<div class=\"elementor-element elementor-element-2e33d53c elementor-widget__width-initial elementor-widget elementor-widget-image\" data-id=\"2e33d53c\" data-element_type=\"widget\" data-e-type=\"widget\" data-widget_type=\"image.default\">\n\t\t\t\t<div class=\"elementor-widget-container\">\n\t\t\t\t\t\t\t\t\t\t\t\t\t\t\t<img loading=\"lazy\" decoding=\"async\" width=\"580\" height=\"713\" src=\"https:\/\/ichp.lukasiewicz.gov.pl\/wp-content\/uploads\/sites\/23\/2023\/09\/biodrybin_maly-833x1024.jpg\" class=\"attachment-large size-large wp-image-12953\" alt=\"\" srcset=\"https:\/\/ichp.lukasiewicz.gov.pl\/wp-content\/uploads\/sites\/23\/2023\/09\/biodrybin_maly-833x1024.jpg 833w, https:\/\/ichp.lukasiewicz.gov.pl\/wp-content\/uploads\/sites\/23\/2023\/09\/biodrybin_maly-244x300.jpg 244w, https:\/\/ichp.lukasiewicz.gov.pl\/wp-content\/uploads\/sites\/23\/2023\/09\/biodrybin_maly-768x944.jpg 768w, https:\/\/ichp.lukasiewicz.gov.pl\/wp-content\/uploads\/sites\/23\/2023\/09\/biodrybin_maly.jpg 1181w\" sizes=\"(max-width: 580px) 100vw, 580px\" \/>\t\t\t\t\t\t\t\t\t\t\t\t\t\t\t<\/div>\n\t\t\t\t<\/div>\n\t\t\t\t<section class=\"elementor-section elementor-inner-section elementor-element elementor-element-20c66abd elementor-section-boxed elementor-section-height-default elementor-section-height-default\" data-id=\"20c66abd\" data-element_type=\"section\" data-e-type=\"section\">\n\t\t\t\t\t\t<div class=\"elementor-container elementor-column-gap-default\">\n\t\t\t\t\t<div class=\"elementor-column elementor-col-100 elementor-inner-column elementor-element elementor-element-5d23578d\" data-id=\"5d23578d\" data-element_type=\"column\" data-e-type=\"column\">\n\t\t\t<div class=\"elementor-widget-wrap elementor-element-populated\">\n\t\t\t\t\t\t<div class=\"elementor-element elementor-element-7f3c3471 elementor-widget elementor-widget-text-editor\" data-id=\"7f3c3471\" data-element_type=\"widget\" data-e-type=\"widget\" data-widget_type=\"text-editor.default\">\n\t\t\t\t<div class=\"elementor-widget-container\">\n\t\t\t\t\t\t\t\t\t<p><strong><a href=\"https:\/\/ichp.lukasiewicz.gov.pl\/biodribin-dzialania-niepozadane\/\" target=\"_blank\" rel=\"noopener\">Biodribin\u00ae &#8211; side effects <span style=\"color: #339966\">\u2192<\/span><\/a><\/strong><\/p><\/p>\n\t\t\t\t\t\t\t\t<\/div>\n\t\t\t\t<\/div>\n\t\t\t\t\t<\/div>\n\t\t<\/div>\n\t\t\t\t\t<\/div>\n\t\t<\/section>\n\t\t\t\t\t<\/div>\n\t\t<\/div>\n\t\t\t\t\t<\/div>\n\t\t<\/section>\n\t\t\t\t<\/div>\n\t\t","protected":false},"excerpt":{"rendered":"<p>\/*! elementor &#8211; v3.21.0 &#8211; 26-05-2024 *\/ .elementor-heading-title{padding:0;margin:0;line-height:1}.elementor-widget-heading .elementor-heading-title[class*=elementor-size-]&gt;a{color:inherit;font-size:inherit;line-height:inherit}.elementor-widget-heading .elementor-heading-title.elementor-size-small{font-size:15px}.elementor-widget-heading .elementor-heading-title.elementor-size-medium{font-size:19px}.elementor-widget-heading .elementor-heading-title.elementor-size-large{font-size:29px}.elementor-widget-heading .elementor-heading-title.elementor-size-xl{font-size:39px}.elementor-widget-heading .elementor-heading-title.elementor-size-xxl{font-size:59px} Pharmaceutical Products Department \/*! elementor &#8211; v3.21.0 &#8211; 26-05-2024 *\/ .elementor-widget-image{text-align:center}.elementor-widget-image a{display:inline-block}.elementor-widget-image a img[src$=&#8221;.svg&#8221;]{width:48px}.elementor-widget-image img{vertical-align:middle;display:inline-block} Director Wojciech Maszewski, M. Sc. phone +48 603 507 690 wojciech.maszewski@ichp.lukasiewicz.gov.pl \/*! elementor &#8211; v3.21.0 &#8211; 26-05-2024 *\/ .elementor-accordion{text-align:start}.elementor-accordion .elementor-accordion-item{border:1px solid #d5d8dc}.elementor-accordion .elementor-accordion-item+.elementor-accordion-item{border-top:none}.elementor-accordion .elementor-tab-title{margin:0;padding:15px 20px;font-weight:700;line-height:1;cursor:pointer;outline:none}.elementor-accordion .elementor-tab-title [&hellip;]<\/p>\n","protected":false},"author":125,"featured_media":0,"parent":19970,"menu_order":0,"comment_status":"closed","ping_status":"closed","template":"","meta":{"_acf_changed":false,"_seopress_robots_primary_cat":"","_seopress_titles_title":"Pharmaceutical Products Department","_seopress_titles_desc":"","_seopress_robots_index":"","inline_featured_image":false,"footnotes":""},"class_list":["post-20703","page","type-page","status-publish","hentry"],"acf":[],"publishpress_future_action":{"enabled":false,"date":"2026-03-01 19:00:28","action":"change-status","newStatus":"draft","terms":[],"taxonomy":"translation_priority","extraData":[]},"publishpress_future_workflow_manual_trigger":{"enabledWorkflows":[]},"_links":{"self":[{"href":"https:\/\/ichp.lukasiewicz.gov.pl\/en\/wp-json\/wp\/v2\/pages\/20703","targetHints":{"allow":["GET"]}}],"collection":[{"href":"https:\/\/ichp.lukasiewicz.gov.pl\/en\/wp-json\/wp\/v2\/pages"}],"about":[{"href":"https:\/\/ichp.lukasiewicz.gov.pl\/en\/wp-json\/wp\/v2\/types\/page"}],"author":[{"embeddable":true,"href":"https:\/\/ichp.lukasiewicz.gov.pl\/en\/wp-json\/wp\/v2\/users\/125"}],"replies":[{"embeddable":true,"href":"https:\/\/ichp.lukasiewicz.gov.pl\/en\/wp-json\/wp\/v2\/comments?post=20703"}],"version-history":[{"count":4,"href":"https:\/\/ichp.lukasiewicz.gov.pl\/en\/wp-json\/wp\/v2\/pages\/20703\/revisions"}],"predecessor-version":[{"id":22672,"href":"https:\/\/ichp.lukasiewicz.gov.pl\/en\/wp-json\/wp\/v2\/pages\/20703\/revisions\/22672"}],"up":[{"embeddable":true,"href":"https:\/\/ichp.lukasiewicz.gov.pl\/en\/wp-json\/wp\/v2\/pages\/19970"}],"wp:attachment":[{"href":"https:\/\/ichp.lukasiewicz.gov.pl\/en\/wp-json\/wp\/v2\/media?parent=20703"}],"curies":[{"name":"wp","href":"https:\/\/api.w.org\/{rel}","templated":true}]}}