{"id":20569,"date":"2023-10-03T13:13:23","date_gmt":"2023-10-03T11:13:23","guid":{"rendered":"https:\/\/ichp.lukasiewicz.gov.pl\/safety-data-sheets\/"},"modified":"2024-08-12T14:55:30","modified_gmt":"2024-08-12T12:55:30","slug":"safety-data-sheets","status":"publish","type":"page","link":"https:\/\/ichp.lukasiewicz.gov.pl\/en\/safety-data-sheets\/","title":{"rendered":"Safety data sheets"},"content":{"rendered":"\t\t<div data-elementor-type=\"wp-page\" data-elementor-id=\"20569\" class=\"elementor elementor-20569 elementor-13197\" data-elementor-post-type=\"page\">\n\t\t\t\t\t\t<section class=\"elementor-section elementor-top-section elementor-element elementor-element-30f75f5 elementor-section-boxed elementor-section-height-default elementor-section-height-default\" data-id=\"30f75f5\" data-element_type=\"section\" data-e-type=\"section\">\n\t\t\t\t\t\t<div class=\"elementor-container elementor-column-gap-default\">\n\t\t\t\t\t<div class=\"elementor-column elementor-col-50 elementor-top-column elementor-element elementor-element-f5ab6be\" data-id=\"f5ab6be\" data-element_type=\"column\" data-e-type=\"column\">\n\t\t\t<div class=\"elementor-widget-wrap elementor-element-populated\">\n\t\t\t\t\t\t<div class=\"elementor-element elementor-element-7474852 elementor-widget elementor-widget-spacer\" data-id=\"7474852\" data-element_type=\"widget\" data-e-type=\"widget\" data-widget_type=\"spacer.default\">\n\t\t\t\t<div class=\"elementor-widget-container\">\n\t\t\t\t\t\t\t<div class=\"elementor-spacer\">\n\t\t\t<div class=\"elementor-spacer-inner\"><\/div>\n\t\t<\/div>\n\t\t\t\t\t\t<\/div>\n\t\t\t\t<\/div>\n\t\t\t\t<div class=\"elementor-element elementor-element-ee07ed4 elementor-widget__width-auto elementor-widget elementor-widget-heading\" data-id=\"ee07ed4\" data-element_type=\"widget\" data-e-type=\"widget\" data-widget_type=\"heading.default\">\n\t\t\t\t<div class=\"elementor-widget-container\">\n\t\t\t\t\t<h2 class=\"elementor-heading-title elementor-size-default\">OFFER<\/h2>\t\t\t\t<\/div>\n\t\t\t\t<\/div>\n\t\t\t\t<div class=\"elementor-element elementor-element-ff0692e elementor-widget elementor-widget-spacer\" data-id=\"ff0692e\" data-element_type=\"widget\" data-e-type=\"widget\" data-widget_type=\"spacer.default\">\n\t\t\t\t<div class=\"elementor-widget-container\">\n\t\t\t\t\t\t\t<div class=\"elementor-spacer\">\n\t\t\t<div class=\"elementor-spacer-inner\"><\/div>\n\t\t<\/div>\n\t\t\t\t\t\t<\/div>\n\t\t\t\t<\/div>\n\t\t\t\t<div class=\"elementor-element elementor-element-4057e46 elementor-widget elementor-widget-heading\" data-id=\"4057e46\" data-element_type=\"widget\" data-e-type=\"widget\" data-widget_type=\"heading.default\">\n\t\t\t\t<div class=\"elementor-widget-container\">\n\t\t\t\t\t<h2 class=\"elementor-heading-title elementor-size-default\">Safety data sheets<\/h2>\t\t\t\t<\/div>\n\t\t\t\t<\/div>\n\t\t\t\t<div class=\"elementor-element elementor-element-3963c21 elementor-widget elementor-widget-heading\" data-id=\"3963c21\" data-element_type=\"widget\" data-e-type=\"widget\" data-widget_type=\"heading.default\">\n\t\t\t\t<div class=\"elementor-widget-container\">\n\t\t\t\t\t<h4 class=\"elementor-heading-title elementor-size-default\">Chemical Sales Division <\/h4>\t\t\t\t<\/div>\n\t\t\t\t<\/div>\n\t\t\t\t\t<\/div>\n\t\t<\/div>\n\t\t\t\t<div class=\"elementor-column elementor-col-50 elementor-top-column elementor-element elementor-element-fa235cf\" data-id=\"fa235cf\" data-element_type=\"column\" data-e-type=\"column\">\n\t\t\t<div class=\"elementor-widget-wrap elementor-element-populated\">\n\t\t\t\t\t\t<div class=\"elementor-element elementor-element-fd44dc5 elementor-widget elementor-widget-spacer\" data-id=\"fd44dc5\" data-element_type=\"widget\" data-e-type=\"widget\" data-widget_type=\"spacer.default\">\n\t\t\t\t<div class=\"elementor-widget-container\">\n\t\t\t\t\t\t\t<div class=\"elementor-spacer\">\n\t\t\t<div class=\"elementor-spacer-inner\"><\/div>\n\t\t<\/div>\n\t\t\t\t\t\t<\/div>\n\t\t\t\t<\/div>\n\t\t\t\t<div class=\"elementor-element elementor-element-8f327c6 elementor-widget__width-initial elementor-widget elementor-widget-image\" data-id=\"8f327c6\" data-element_type=\"widget\" data-e-type=\"widget\" data-widget_type=\"image.default\">\n\t\t\t\t<div class=\"elementor-widget-container\">\n\t\t\t\t\t\t\t\t\t\t\t\t\t\t\t<img fetchpriority=\"high\" decoding=\"async\" width=\"580\" height=\"274\" src=\"https:\/\/ichp.lukasiewicz.gov.pl\/wp-content\/uploads\/sites\/23\/2023\/10\/piktogramy-ghs-substancje-niebezpieczne-2-1.jpg\" class=\"attachment-large size-large wp-image-13226\" alt=\"\" srcset=\"https:\/\/ichp.lukasiewicz.gov.pl\/wp-content\/uploads\/sites\/23\/2023\/10\/piktogramy-ghs-substancje-niebezpieczne-2-1.jpg 899w, https:\/\/ichp.lukasiewicz.gov.pl\/wp-content\/uploads\/sites\/23\/2023\/10\/piktogramy-ghs-substancje-niebezpieczne-2-1-300x142.jpg 300w, https:\/\/ichp.lukasiewicz.gov.pl\/wp-content\/uploads\/sites\/23\/2023\/10\/piktogramy-ghs-substancje-niebezpieczne-2-1-768x363.jpg 768w\" sizes=\"(max-width: 580px) 100vw, 580px\" \/>\t\t\t\t\t\t\t\t\t\t\t\t\t\t\t<\/div>\n\t\t\t\t<\/div>\n\t\t\t\t\t<\/div>\n\t\t<\/div>\n\t\t\t\t\t<\/div>\n\t\t<\/section>\n\t\t\t\t<section class=\"elementor-section elementor-top-section elementor-element elementor-element-62efa8b elementor-section-boxed elementor-section-height-default elementor-section-height-default\" data-id=\"62efa8b\" data-element_type=\"section\" data-e-type=\"section\">\n\t\t\t\t\t\t<div class=\"elementor-container elementor-column-gap-default\">\n\t\t\t\t\t<div class=\"elementor-column elementor-col-100 elementor-top-column elementor-element elementor-element-d00a295\" data-id=\"d00a295\" data-element_type=\"column\" data-e-type=\"column\">\n\t\t\t<div class=\"elementor-widget-wrap elementor-element-populated\">\n\t\t\t\t\t\t<div class=\"elementor-element elementor-element-137aef8 elementor-widget elementor-widget-spacer\" data-id=\"137aef8\" data-element_type=\"widget\" data-e-type=\"widget\" data-widget_type=\"spacer.default\">\n\t\t\t\t<div class=\"elementor-widget-container\">\n\t\t\t\t\t\t\t<div class=\"elementor-spacer\">\n\t\t\t<div class=\"elementor-spacer-inner\"><\/div>\n\t\t<\/div>\n\t\t\t\t\t\t<\/div>\n\t\t\t\t<\/div>\n\t\t\t\t<div class=\"elementor-element elementor-element-533d641 elementor-widget-divider--view-line elementor-widget elementor-widget-divider\" data-id=\"533d641\" data-element_type=\"widget\" data-e-type=\"widget\" data-widget_type=\"divider.default\">\n\t\t\t\t<div class=\"elementor-widget-container\">\n\t\t\t\t\t\t\t<div class=\"elementor-divider\">\n\t\t\t<span class=\"elementor-divider-separator\">\n\t\t\t\t\t\t<\/span>\n\t\t<\/div>\n\t\t\t\t\t\t<\/div>\n\t\t\t\t<\/div>\n\t\t\t\t<div class=\"elementor-element elementor-element-96fd5ea elementor-widget elementor-widget-text-editor\" data-id=\"96fd5ea\" data-element_type=\"widget\" data-e-type=\"widget\" data-widget_type=\"text-editor.default\">\n\t\t\t\t<div class=\"elementor-widget-container\">\n\t\t\t\t\t\t\t\t\t<p><strong>We offer services for the development of safety data sheets<\/strong><\/p>\n<p>Almost every company that manufactures, imports or distributes chemicals is more than likely to deal sooner or later with substances or mixtures that require a safety data sheet.<\/p>\n<p>If a product you intend to place on the market is found to present a risk, i.e. it is classified as, inter alia: <\/p>\n<p><span style=\"color: #44d600\"><strong>\u2192<\/strong><\/span> explosive, oxidising, flammable;<\/p>\n<p><span style=\"color: #44d600\"><strong>\u2192<\/strong><\/span> toxic, harmful, corrosive, irritant, sensitising;<\/p>\n<p><span style=\"color: #44d600\"><strong>\u2192<\/strong><\/span> carcinogenic, mutagenic or reprotoxic;<\/p>\n<p><span style=\"color: #44d600\"><strong>\u2192<\/strong><\/span> posing a risk to the aquatic environment;<\/p>\n<p>or<\/p>\n<p><span style=\"color: #44d600\"><strong>\u2192<\/strong><\/span> when a substance meets the criteria for PBT (persistent, bioaccumulative and toxic) or vPvB (very persistent and very bioaccumulative) or is on the candidate list (substances of very high concern &#8211; SVHC), you are obliged to provide the recipient with <u><strong>a properly drawn up safety data sheet in the language of the country where the product is placed on the market.<\/strong><\/u><\/p>\n<p>In addition, when the product (mixture) does not meet the criteria for classification, but contains:<\/p>\n<p><strong><span style=\"color: #44d600\">\u2192 <\/span>a substance posing a risk to human health or the environment <\/strong>in concentrations of 1 % or more by weight for non-gaseous mixtures or 0,2 % or more by volume for gaseous mixtures, or  <\/p>\n<p><strong><span style=\"color: #44d600\">\u2192<\/span> a PBT, vPvB or SVHC <\/strong>in a concentration of at least 0.1 % by weight for non-gaseous mixtures, or <\/p>\n<p><span style=\"color: #44d600\"><strong>\u2192<\/strong><\/span> the substance for which the <strong>MRLs<\/strong> (maximum occupational exposure limits) have been set,<\/p>\n<p><span style=\"color: #44d600\"><strong>\u2192<\/strong><\/span> You are obliged to deliver the card to the recipient upon<u><strong> request.<\/strong><\/u><\/p>\n<p>This obligation results from Article 31 of the REACH Regulation. The current <strong>format of the safety data sheet<\/strong> is set out in Commission Regulation (EU) No 2015\/830 of 29 May 2015. <br \/><strong>From 1 December 2010, new classification and labelling rules apply for substances, in accordance with the CLP Regulation. <\/strong><\/p>\n<p><strong>Development of the charter \u2260 translation<\/strong><\/p>\n<p>The preparation of a safety data sheet is the responsibility of the supplier, i.e. the manufacturer, importer (non-EU), downstream user or distributor who places the product on the market. Often, however, the safety data sheet prepared by the supplier <strong>does not meet all the requirements of Polish law,<\/strong> including the applicable hygiene standards. A literal translation of the original often leads to a disregard of Polish law and a lack of verification, e.g. of the classification given by the manufacturer.   <\/p>\n<p><strong>Remember!<\/strong><strong> The safety data sheet <\/strong>is intended to enable the workplace to take the measures necessary to ensure safety and to protect human health and the environment, and to provide the consumer with comprehensive information on the potential hazards associated with the use of the substance or mixture (by providing information on the label). <strong>It is therefore important that both the card and the label are drawn up correctly!<\/strong><\/p>\n<p><strong>As a reminder, new classification and labelling rules apply for mixtures from 1 June 2015, so the safety data sheet must be updated! <\/strong><\/p>\n<p><strong>We carry out an initial assessment of the original sheets provided <u>free of charge<\/u>. In addition, it is possible to notify a<u> hazardous mixture<\/u> to the Office for Chemical Substances in \u0141\u00f3d\u017a and to <u>notify hazardous substances<\/u> to the CL List maintained by ECHA (applies to manufacturers or importers). <\/strong><\/p>\n<p><strong>So, if you want to be sure that the safety data sheet you use in your company and offer to your customers complies with the requirements of EU and Polish law on chemicals, and that the label has been prepared in the right way &#8211; and you think that our ancestors were wise to invent the social division of labour &#8211; use our. <\/strong><\/p>\n\t\t\t\t\t\t\t\t<\/div>\n\t\t\t\t<\/div>\n\t\t\t\t<div class=\"elementor-element elementor-element-9c94ad0 elementor-widget__width-initial elementor-widget elementor-widget-text-editor\" data-id=\"9c94ad0\" data-element_type=\"widget\" data-e-type=\"widget\" data-widget_type=\"text-editor.default\">\n\t\t\t\t<div class=\"elementor-widget-container\">\n\t\t\t\t\t\t\t\t\t<h6><strong>Contact<\/strong><\/h6>\n<p><strong>Paulina Por\u0119bska-S\u0119ktas, M. Sc. Eng. <br \/><\/strong>phone +48 453 056 232<strong><br \/><\/strong><a href=\"mailto:paulina.porebska-sektas@ichp.pl\">paulina.porebska-sektas@ichp.lukasiewicz.gov.pl<\/a><\/p>\n<p><strong>Anna Ba\u0144kowska, PhD. Sc.<br \/><\/strong>phhone +48 453 056 230 <br \/><a href=\"mailto:Anna.Bankowska@ichp.lukasiewicz.gov.pl\">anna.bankowska@ichp.lukasiewicz.gov.pl<\/a><br \/><a href=\"mailto:reach_clp@ichp.pl\">reach_clp@ichp.lukasiewicz.gov.pl<\/a><\/p><\/p>\n\t\t\t\t\t\t\t\t<\/div>\n\t\t\t\t<\/div>\n\t\t\t\t\t<\/div>\n\t\t<\/div>\n\t\t\t\t\t<\/div>\n\t\t<\/section>\n\t\t\t\t<section class=\"elementor-section elementor-top-section elementor-element elementor-element-67db377 elementor-section-boxed elementor-section-height-default elementor-section-height-default\" data-id=\"67db377\" data-element_type=\"section\" data-e-type=\"section\">\n\t\t\t\t\t\t<div class=\"elementor-container elementor-column-gap-default\">\n\t\t\t\t\t<div class=\"elementor-column elementor-col-100 elementor-top-column elementor-element elementor-element-e8dd469\" data-id=\"e8dd469\" data-element_type=\"column\" data-e-type=\"column\">\n\t\t\t<div class=\"elementor-widget-wrap elementor-element-populated\">\n\t\t\t\t\t\t<div class=\"elementor-element elementor-element-58f2d34 elementor-widget-divider--view-line elementor-widget elementor-widget-divider\" data-id=\"58f2d34\" data-element_type=\"widget\" data-e-type=\"widget\" data-widget_type=\"divider.default\">\n\t\t\t\t<div class=\"elementor-widget-container\">\n\t\t\t\t\t\t\t<div class=\"elementor-divider\">\n\t\t\t<span class=\"elementor-divider-separator\">\n\t\t\t\t\t\t<\/span>\n\t\t<\/div>\n\t\t\t\t\t\t<\/div>\n\t\t\t\t<\/div>\n\t\t\t\t\t<\/div>\n\t\t<\/div>\n\t\t\t\t\t<\/div>\n\t\t<\/section>\n\t\t\t\t<section class=\"elementor-section elementor-top-section elementor-element elementor-element-6690fd0 elementor-section-boxed elementor-section-height-default elementor-section-height-default\" data-id=\"6690fd0\" data-element_type=\"section\" data-e-type=\"section\">\n\t\t\t\t\t\t<div class=\"elementor-container elementor-column-gap-default\">\n\t\t\t\t\t<div class=\"elementor-column elementor-col-100 elementor-top-column elementor-element elementor-element-e2260f5\" data-id=\"e2260f5\" data-element_type=\"column\" data-e-type=\"column\">\n\t\t\t<div class=\"elementor-widget-wrap\">\n\t\t\t\t\t\t\t<\/div>\n\t\t<\/div>\n\t\t\t\t\t<\/div>\n\t\t<\/section>\n\t\t\t\t<\/div>\n\t\t","protected":false},"excerpt":{"rendered":"<p>OFFER Safety data sheets Chemical Sales Division We offer services for the development of safety data sheets Almost every company that manufactures, imports or distributes chemicals is more than likely to deal sooner or later with substances or mixtures that require a safety data sheet. If a product you intend to place on the market [&hellip;]<\/p>\n","protected":false},"author":125,"featured_media":0,"parent":0,"menu_order":0,"comment_status":"closed","ping_status":"closed","template":"","meta":{"_acf_changed":false,"_seopress_robots_primary_cat":"","_seopress_titles_title":"","_seopress_titles_desc":"","_seopress_robots_index":"","inline_featured_image":false,"footnotes":""},"class_list":["post-20569","page","type-page","status-publish","hentry"],"acf":[],"publishpress_future_action":{"enabled":false,"date":"2026-02-16 09:11:51","action":"change-status","newStatus":"draft","terms":[],"taxonomy":"translation_priority","extraData":[]},"publishpress_future_workflow_manual_trigger":{"enabledWorkflows":[]},"_links":{"self":[{"href":"https:\/\/ichp.lukasiewicz.gov.pl\/en\/wp-json\/wp\/v2\/pages\/20569","targetHints":{"allow":["GET"]}}],"collection":[{"href":"https:\/\/ichp.lukasiewicz.gov.pl\/en\/wp-json\/wp\/v2\/pages"}],"about":[{"href":"https:\/\/ichp.lukasiewicz.gov.pl\/en\/wp-json\/wp\/v2\/types\/page"}],"author":[{"embeddable":true,"href":"https:\/\/ichp.lukasiewicz.gov.pl\/en\/wp-json\/wp\/v2\/users\/125"}],"replies":[{"embeddable":true,"href":"https:\/\/ichp.lukasiewicz.gov.pl\/en\/wp-json\/wp\/v2\/comments?post=20569"}],"version-history":[{"count":1,"href":"https:\/\/ichp.lukasiewicz.gov.pl\/en\/wp-json\/wp\/v2\/pages\/20569\/revisions"}],"predecessor-version":[{"id":20570,"href":"https:\/\/ichp.lukasiewicz.gov.pl\/en\/wp-json\/wp\/v2\/pages\/20569\/revisions\/20570"}],"wp:attachment":[{"href":"https:\/\/ichp.lukasiewicz.gov.pl\/en\/wp-json\/wp\/v2\/media?parent=20569"}],"curies":[{"name":"wp","href":"https:\/\/api.w.org\/{rel}","templated":true}]}}