{"id":20253,"date":"2024-06-18T09:22:24","date_gmt":"2024-06-18T07:22:24","guid":{"rendered":"https:\/\/ichp.lukasiewicz.gov.pl\/patent-applications\/"},"modified":"2026-04-09T12:53:27","modified_gmt":"2026-04-09T10:53:27","slug":"patent-applications","status":"publish","type":"page","link":"https:\/\/ichp.lukasiewicz.gov.pl\/en\/patent-applications\/","title":{"rendered":"Patent applications"},"content":{"rendered":"\t\t<div data-elementor-type=\"wp-page\" data-elementor-id=\"20253\" class=\"elementor elementor-20253 elementor-19244\" data-elementor-post-type=\"page\">\n\t\t\t\t\t\t<section class=\"elementor-section elementor-top-section elementor-element elementor-element-19794bc elementor-section-boxed elementor-section-height-default elementor-section-height-default\" data-id=\"19794bc\" data-element_type=\"section\" data-e-type=\"section\">\n\t\t\t\t\t\t<div class=\"elementor-container elementor-column-gap-default\">\n\t\t\t\t\t<div class=\"elementor-column elementor-col-100 elementor-top-column elementor-element elementor-element-93fbdbd\" data-id=\"93fbdbd\" data-element_type=\"column\" data-e-type=\"column\">\n\t\t\t<div class=\"elementor-widget-wrap elementor-element-populated\">\n\t\t\t\t\t\t<section class=\"elementor-section elementor-inner-section elementor-element elementor-element-39cc2c8 elementor-section-boxed elementor-section-height-default elementor-section-height-default\" data-id=\"39cc2c8\" data-element_type=\"section\" data-e-type=\"section\">\n\t\t\t\t\t\t<div class=\"elementor-container elementor-column-gap-default\">\n\t\t\t\t\t<div class=\"elementor-column elementor-col-50 elementor-inner-column elementor-element elementor-element-fcc8e06\" data-id=\"fcc8e06\" data-element_type=\"column\" data-e-type=\"column\">\n\t\t\t<div class=\"elementor-widget-wrap elementor-element-populated\">\n\t\t\t\t\t\t<div class=\"elementor-element elementor-element-e077adc elementor-widget elementor-widget-spacer\" data-id=\"e077adc\" data-element_type=\"widget\" data-e-type=\"widget\" data-widget_type=\"spacer.default\">\n\t\t\t\t<div class=\"elementor-widget-container\">\n\t\t\t\t\t\t\t<div class=\"elementor-spacer\">\n\t\t\t<div class=\"elementor-spacer-inner\"><\/div>\n\t\t<\/div>\n\t\t\t\t\t\t<\/div>\n\t\t\t\t<\/div>\n\t\t\t\t<div class=\"elementor-element elementor-element-2bc85ff elementor-widget__width-initial elementor-widget elementor-widget-heading\" data-id=\"2bc85ff\" data-element_type=\"widget\" data-e-type=\"widget\" data-widget_type=\"heading.default\">\n\t\t\t\t<div class=\"elementor-widget-container\">\n\t\t\t\t\t<h2 class=\"elementor-heading-title elementor-size-default\"><br><br>Patent applications<\/h2>\t\t\t\t<\/div>\n\t\t\t\t<\/div>\n\t\t\t\t<div class=\"elementor-element elementor-element-aca156d elementor-widget elementor-widget-text-editor\" data-id=\"aca156d\" data-element_type=\"widget\" data-e-type=\"widget\" data-widget_type=\"text-editor.default\">\n\t\t\t\t<div class=\"elementor-widget-container\">\n\t\t\t\t\t\t\t\t\t<h3>status as of 9 IV 2026<\/h3>\t\t\t\t\t\t\t\t<\/div>\n\t\t\t\t<\/div>\n\t\t\t\t\t<\/div>\n\t\t<\/div>\n\t\t\t\t<div class=\"elementor-column elementor-col-50 elementor-inner-column elementor-element elementor-element-7bbdaed\" data-id=\"7bbdaed\" data-element_type=\"column\" data-e-type=\"column\">\n\t\t\t<div class=\"elementor-widget-wrap elementor-element-populated\">\n\t\t\t\t\t\t<div class=\"elementor-element elementor-element-6c4c3bb elementor-widget__width-initial elementor-widget elementor-widget-image\" data-id=\"6c4c3bb\" data-element_type=\"widget\" data-e-type=\"widget\" data-widget_type=\"image.default\">\n\t\t\t\t<div class=\"elementor-widget-container\">\n\t\t\t\t\t\t\t\t\t\t\t\t\t\t\t<img fetchpriority=\"high\" decoding=\"async\" width=\"580\" height=\"387\" src=\"https:\/\/ichp.lukasiewicz.gov.pl\/wp-content\/uploads\/sites\/23\/2026\/02\/Zgloszenia-patentowe-1-1024x683.png\" class=\"attachment-large size-large wp-image-31275\" alt=\"\" srcset=\"https:\/\/ichp.lukasiewicz.gov.pl\/wp-content\/uploads\/sites\/23\/2026\/02\/Zgloszenia-patentowe-1-1024x683.png 1024w, https:\/\/ichp.lukasiewicz.gov.pl\/wp-content\/uploads\/sites\/23\/2026\/02\/Zgloszenia-patentowe-1-300x200.png 300w, https:\/\/ichp.lukasiewicz.gov.pl\/wp-content\/uploads\/sites\/23\/2026\/02\/Zgloszenia-patentowe-1-768x512.png 768w, https:\/\/ichp.lukasiewicz.gov.pl\/wp-content\/uploads\/sites\/23\/2026\/02\/Zgloszenia-patentowe-1-1200x800.png 1200w, https:\/\/ichp.lukasiewicz.gov.pl\/wp-content\/uploads\/sites\/23\/2026\/02\/Zgloszenia-patentowe-1-24x16.png 24w, https:\/\/ichp.lukasiewicz.gov.pl\/wp-content\/uploads\/sites\/23\/2026\/02\/Zgloszenia-patentowe-1-36x24.png 36w, https:\/\/ichp.lukasiewicz.gov.pl\/wp-content\/uploads\/sites\/23\/2026\/02\/Zgloszenia-patentowe-1-48x32.png 48w, https:\/\/ichp.lukasiewicz.gov.pl\/wp-content\/uploads\/sites\/23\/2026\/02\/Zgloszenia-patentowe-1.png 1536w\" sizes=\"(max-width: 580px) 100vw, 580px\" \/>\t\t\t\t\t\t\t\t\t\t\t\t\t\t\t<\/div>\n\t\t\t\t<\/div>\n\t\t\t\t\t<\/div>\n\t\t<\/div>\n\t\t\t\t\t<\/div>\n\t\t<\/section>\n\t\t\t\t<div class=\"elementor-element elementor-element-e78b3e1 elementor-widget-divider--view-line elementor-widget elementor-widget-divider\" data-id=\"e78b3e1\" data-element_type=\"widget\" data-e-type=\"widget\" data-widget_type=\"divider.default\">\n\t\t\t\t<div class=\"elementor-widget-container\">\n\t\t\t\t\t\t\t<div class=\"elementor-divider\">\n\t\t\t<span class=\"elementor-divider-separator\">\n\t\t\t\t\t\t<\/span>\n\t\t<\/div>\n\t\t\t\t\t\t<\/div>\n\t\t\t\t<\/div>\n\t\t\t\t\t<\/div>\n\t\t<\/div>\n\t\t\t\t\t<\/div>\n\t\t<\/section>\n\t\t\t\t<section class=\"elementor-section elementor-top-section elementor-element elementor-element-b2e8b1f elementor-section-boxed elementor-section-height-default elementor-section-height-default\" data-id=\"b2e8b1f\" data-element_type=\"section\" data-e-type=\"section\">\n\t\t\t\t\t\t<div class=\"elementor-container elementor-column-gap-default\">\n\t\t\t\t\t<div class=\"elementor-column elementor-col-100 elementor-top-column elementor-element elementor-element-d6fc334\" data-id=\"d6fc334\" data-element_type=\"column\" data-e-type=\"column\">\n\t\t\t<div class=\"elementor-widget-wrap elementor-element-populated\">\n\t\t\t\t\t\t<div class=\"elementor-element elementor-element-f1bd5b5 elementor-widget__width-initial elementor-widget elementor-widget-text-editor\" data-id=\"f1bd5b5\" data-element_type=\"widget\" data-e-type=\"widget\" data-widget_type=\"text-editor.default\">\n\t\t\t\t<div class=\"elementor-widget-container\">\n\t\t\t\t\t\t\t\t\t<p>Numer:<strong> P-455132<br><\/strong>Data zg\u0142oszenia: 19.03.2026<br><strong><span data-olk-copy-source=\"MessageBody\">Spos\u00f3b otrzymywania blendy polimerowej PVC\/PVB oraz jej zastosowanie w przetw\u00f3rstwie tworzyw sztucznych<br><\/span><\/strong>Autorzy: M. Kumosi\u0144ski, A. Abramowicz,<\/p><p>Numer:<strong> P-454750<br><\/strong>Data zg\u0142oszenia: 13.02.2026<br><strong><span data-olk-copy-source=\"MessageBody\">Koniugaty kwas\u00f3w hydroksycynamonowych z gemcytabin\u0105, zastoso-wanie medyczne oraz kompozycja farmaceutyczna<br><\/span><\/strong>Autorzy: O. Michalak, M. Cybulski, S. \u017burawicka, J. Tobiasz, M. Kubiszewski, A. Gornowicz, A. Bielawska, K. Bielawski, M. Podolak, R. Dudchak <br><em>(Zg\u0142oszenie wsp\u00f3lne z: Uniwersytetem Medycznym w Bia\u0142ymstoku)<\/em><\/p><p>Numer:<strong> P-454392<br><\/strong>Data zg\u0142oszenia: 1.01.2026<br><strong><span data-olk-copy-source=\"MessageBody\">Spos\u00f3b wytwarzania modyfikator\u00f3w tworzyw polimerowych oraz spos\u00f3b recyklingu odpadowych tworzyw polimerowych, tak\u017ce niesegregowanych<br><\/span><\/strong>Autorzy: R. Jezi\u00f3rska, I. Legocka, A. Szadkowska, E. Spas\u00f3wka-Kumosi\u0144ska, M. \u017bubrowska, M. Studzi\u0144ski, J. Kolasa, J. Ruci\u0144ski<\/p><p>Numer:<strong> P-454180<br><\/strong>Data zg\u0142oszenia: 19.12.2025<br><strong><span data-olk-copy-source=\"MessageBody\">Modyfikowany granulat polichlorku winylu o w\u0142a\u015bciwo\u015bciach antyelektrostatycznych<br><\/span><\/strong>Autorzy: P. Kropid\u0142owska, E. Irzma\u0144ska, M. Kumosi\u0144ski, A. Abramowicz, M. Kaczorowski, S. Paw\u0142owski <br><em>(Zg\u0142oszenie wsp\u00f3lne z: Centralnym Instytutem Ochrony Pracy &#8211; PIB)<\/em><\/p><p>Numer:<strong> P-453971<br><\/strong>Data zg\u0142oszenia: 04.12.2025<br><strong><span data-olk-copy-source=\"MessageBody\">Spos\u00f3b wytwarzania kompozytowej pow\u0142oki <br><\/span><\/strong>Autorzy: \u0141. Paw\u0142owski., D. Alabi, K.Roli\u0144ska <br><em>(Zg\u0142oszenie wsp\u00f3lne z: Politechnik\u0105 Gda\u0144sk\u0105)<\/em><\/p><p>Numer:<strong> P-453501<br><\/strong>Data zg\u0142oszenia: 17.10.2025<br><strong><span data-olk-copy-source=\"MessageBody\">Antymikrobowa farba proszkowa na bazie \u017cywicy poliestrowej oraz spos\u00f3b wytwarzania antymikrobowej farby proszkowej na bazie \u017cywicy poliestrowej<br><\/span><\/strong>Autorzy: B. Pilch-Pitera, E. Ciszkowicz, M. K\u0119dzierski, I. Grzywa-Niksi\u0144ska, M. Przybysz-Romatowska, M. Zubielewicz, E. Langer, L. Komorowski, D. Wojda, I. Kunce, K. Krawczyk<br><em>(Zg\u0142oszenie wsp\u00f3lne z: Politechnik\u0105 Rzeszowsk\u0105 im. Ignacego \u0141ukasiewicza, Sieci\u0105 Badawcz\u0105 \u0141ukasiewicz &#8211; Instytutem Materia\u0142\u00f3w Polimerowych)<\/em><\/p><p>Numer:<strong> P-453500<br><\/strong>Data zg\u0142oszenia: 17.10.2025<br><strong><span data-olk-copy-source=\"MessageBody\">Antymikrobowy epoksydowy lakier proszkowy i spos\u00f3b wytwarzania antymikrobowego lakieru proszkowego<br><\/span><\/strong>Autorzy: B.Pilch-Pitera, K. Daszykowska, D. Czachor- Jadacka, E. Ciszkowicz, M. K\u0119dzierski, K. Bieniek, M. Przybysz-Romatowska, M. Zubielewicz, E. Langer, L. Komorowski, D. Wojda, I. Kunce, K. Krawczyk<br><em>(Zg\u0142oszenie wsp\u00f3lne z: Politechnik\u0105 Rzeszowsk\u0105 im. Ignacego \u0141ukasiewicza, Sieci\u0105 Badawcz\u0105 \u0141ukasiewicz &#8211; Instytutem Materia\u0142\u00f3w Polimerowych)<\/em><\/p><p>Numer:<strong> P-4535005<br><\/strong>Data zg\u0142oszenia: 20.10.2025<br><strong><span data-olk-copy-source=\"MessageBody\">Kompozycja polimerowa plastyfikowana hydro-fobow\u0105 ciecz\u0105 g\u0142\u0119boko eutektyczn\u0105 oraz spos\u00f3b otrzymywania folii z u\u017cyciem takiej kompozycji<br><\/span><\/strong>Autorzy: K.\u0141\u0119czycka-Wilk, B.Kaczmarczyk, E.Jakubowska, K.Roli\u0144ska<\/p><p>Numer:<strong> P-453090<br><\/strong>Data zg\u0142oszenia: 01.09.2025<br><strong>Antymikrobowy lakier proszkowy i spos\u00f3b wytwarzania antymikrobowego lakieru proszkowego<\/strong><br>Autorzy: B. Pilch-Pitera, D. Czachor- Jadacka, K. Daszykowska, E. Ciszkowicz, M. K\u0119dzierski, K. Bieniek, M. Przybysz-Romatowska, M. Zubielewicz, E. Langer, L. Komorowski, D. Wojda, I. Kunce, K. Krawczyk<br><em>(Zg\u0142oszenie wsp\u00f3lne z: <\/em><em>Politechnika Rzeszowska im. Ignacego \u0141ukasiewicza, Sie\u0107 Badawcza \u0141ukasiewicz \u2013 Instytut Chemii Przemys\u0142owej im.  Prof. Ignacego Mo\u015bcickiego, Sie\u0107 Badawcza \u0141ukasiewicz \u2013 Instytut Materia\u0142\u00f3w Polimerowych, Instytut Badawczy Dr\u00f3g i Most\u00f3w, Fraunhofer Institute for Manufacturing Engineering and Automation)<\/em><\/p><p>Numer: P-452925<br>Data zg\u0142oszenia: 14.08.2025<br><strong>Oligomeryczny estrowy modyfikator polimer\u00f3w, spos\u00f3b otrzymywania oligomerycznego estrowego modyfikatora oraz jego zastosowanie<\/strong><br>Autorzy: S. Paw\u0142owski, M. Kumosi\u0144ski, A. Abramowicz, M. K\u0119dzierski<\/p><p>Numer: P-452656<br>Data zg\u0142oszenia: 11.07.2025<br><strong><span data-olk-copy-source=\"MessageBody\">Koniugaty diosgeniny lub tigogeniny z kwasem L- lub D-glutaminowym, spos\u00f3b ich otrzymywania oraz zawieraj\u0105ce je \u015brodki farmaceutyczne lub kosmetyczne<br><\/span><\/strong>Autorzy: O.Michalak, M.Cybulski, S.\u017burawicka, P.Krzeczy\u0144ski, J.Janiszewska, D.Szcz\u0119sna, K.Kurzepa, A.Gornowicz, A.Bielawska, K.Bielawski<br><em>(Zg\u0142oszenie wsp\u00f3lne z: Uniwersytetem Medycznym w Bia\u0142ymstoku)<\/em><\/p><p>Numer:<strong> P-451246<br><\/strong>Data zg\u0142oszenia: 20.02.2025<br><strong><span data-olk-copy-source=\"MessageBody\">Kompozycja \u017celatynowa i\/lub chitozanowa oraz spos\u00f3b otrzymywania folii na bazie \u017celatyny i\/lub chitozanu przeznaczonych zw\u0142aszcza do wytwarzania hydro\u017celi<br><\/span><\/strong>Autorzy: K. Roli\u0144ska, K. \u0141\u0119czycka-Wilk, B. Kaczmarczyk, E. Jakubowska <\/p><p>Numer:<strong> P-450900<br><\/strong>Data zg\u0142oszenia: 3.01.2025<br><strong>Kompozycja na bazie skrobi dialdehydowej i glukomannanu oraz spos\u00f3b otrzymywania hydro\u017celu z u\u017cyciem takiej kompozycji<br><\/strong>Autorzy: K. \u0141\u0119czycka-Wilk, E. Jakubowska, B. Kaczmarczyk, K. Roli\u0144ska, S. Paw\u0142owski<\/p><p>Numer:<strong> P-450245<br><\/strong>Data zg\u0142oszenia: 13.11.2024<br><strong>Modyfikowana celuloza bakteryjna oraz spos\u00f3b wytwarzania modyfikowanej celulozy bakteryjnej <br><\/strong>Autorzy: I.Grzywa-Niksi\u0144ska, M.Macha\u0142owska, I.Legocka, J.So\u0142tysiak, K.Roli\u0144ska<\/p><p>Numer:<strong> P-449827<br><\/strong>Data zg\u0142oszenia: 15.09.2024<br><strong>Spos\u00f3b i uk\u0142ad wytwarzania wodoru oraz energii elektrycznej i cieplnej<br><\/strong>Autorzy: A. Pawelec, A. Kry\u0142owicz, J. Kry\u0142owicz, P. Lewandowski, A. Migda\u0142, K. Pietrzak<br><em>(Zg\u0142oszenia wsp\u00f3lne z: IChTJ, A. Kry\u0142owicz, J. Kry\u0142owicz, BIOPOLINEX Sp. z o.o.)<\/em><\/p><p>Numer:<strong> P-449733<br><\/strong>Data zg\u0142oszenia: 6.09.2024<br><strong>Kompozyty na bazie skrobi termoplastycznej o ograniczonej palno\u015bci oraz spos\u00f3b modyfikacji skrobi termoplastycznej<br><\/strong>Autorzy: R. Jezi\u00f3rska, A. Szadkowska, E. Spas\u00f3wka-Kumosi\u0144ska, M. \u017bubrowska, I. Legocka, J. Kolasa, J. Ruci\u0144ski<\/p><p>Numer:<strong> P-447027<br><\/strong>Data zg\u0142oszenia: 7.12.2023<br><strong>Kompozycja na bazie poli(alkoholu winylowego) oraz spos\u00f3b otrzymywania folii z u\u017cyciem takiej kompozycji<br><\/strong>Autorzy: K. \u0141\u0119czycka-Wilk, B. Kaczmarczyk, K. Roli\u0144ska, M. \u017bmie\u0144ko<\/p><p>Numer:<strong> P-448650<br><\/strong>Data zg\u0142oszenia: 23.05.2024<br><strong>Modyfikator polimer\u00f3w winylowych oraz spos\u00f3b jego otrzymywania w reakcji kopolimeryzacji<br><\/strong>Autorzy: M. Kumosi\u0144ski, S. Paw\u0142owski, A. Abramowicz, M. K\u0119dzierski, E. Zakrzewska<\/p><p>Numer: P-448267<br>Data zg\u0142oszenia: 11.04.2024<br>Spos\u00f3b usuwania aldehydu octowego z mieszaniny w\u0119glowodor\u00f3w C4 zawieraj\u0105cej 1,3- butadien oraz zastosowanie amin do usuwania aldehydu octowego z takiej mieszaniny<br>Autorzy: D. Jamanek, R. Brzozowski, P. Lewandowski, S. Tomzik<\/p><p>Numer: <strong>PCT\/PL2023\/000061<br><\/strong>Data zg\u0142oszenia: 7.12.2023<br><strong>Spos\u00f3b regeneracji rozpuszczalnika stosowanego <\/strong><strong>w destylacji ekstrakcyjnej mieszanin w\u0119glowodor\u00f3w nienasyconych C4<br><\/strong>Autorzy: R. Brzozowski, D. Jamanek, S. Tomzik, P. Lewandowski, M. Plesnar, A. Migda\u0142<\/p><p>Numer:<strong> PCT\/PL2023\/000063<br><\/strong>Data zg\u0142oszenia: 7.12.2023<br><strong>Spos\u00f3b wytwarzania biopolimeru, spos\u00f3b otrzymywania mody\ufb01katora, mody\ufb01kator p3HB, spos\u00f3b mody\ufb01kowania wysokocz\u0105steczkowego poli-3-hydroksyma\u015blanu, kompozycja biodegradowalna<br><\/strong>Autorzy: I. Legocka, W. Pietruszka, J. Trzaskowska, M. Cybulski, A. Owoc, J. Tobiasz<\/p><p>Numer:<strong> PCT\/PL2023\/000062<br><\/strong>Data zg\u0142oszenia: 7.12.2023 <br><strong>Spos\u00f3b otrzymywania poli-3-hydroksyma\u015blanu, <\/strong><strong>spos\u00f3b wytwarzania biopolimeru niskocz\u0105steczkowego poli-3-hydroksyma\u015blanu, po\u017cywka M9, po\u017cywka GMS, zastosowanie po\u017cywki M9 z EDTA oraz po\u017cywki GMS do hodowli mikroorganizm\u00f3w<br><\/strong>Autorzy: W. \u015awi\u0119tnicki, O. Roubinek, D. Chudy, R. Kurek, K. Kozak, J. Chojniak-Gronek, P. Kiery\u0142, M. Krzek, D. Mikiewicz, A. Romanik- Chru\u015bcielewska, N. \u0141ukasiewicz, I. Soko\u0142owska, K. Florys-Jankowska, M. St\u0119pniewski, M. Kubiszewski, M. Cybulski, P. Krzeczy\u0144ski, O. Michalak, J. Janiszewska<\/p><p>Numer:<strong> P-446831<br><\/strong>Data zg\u0142oszenia: 23.11.2023<br><strong>Ciek\u0142a kompozycja pow\u0142okotw\u00f3rcza przeznaczona <\/strong><strong>zw\u0142aszcza do wytwarzania pow\u0142ok czasowo stabilizuj\u0105cych temperatur\u0119<br><\/strong>Autorzy: J. Przybylski, K. Sylwestrzak, J. Kozakiewicz, W. Sarna, I. Ofat-Kawalec, J. Trzaskowska<\/p><p>Numer:<strong> P-446254 <br><\/strong>Data zg\u0142oszenia: 27.09.2023<br><strong>Spos\u00f3b<\/strong><strong> katalitycznego hydroodchlorowania w\u0119glowodor\u00f3w ciek\u0142ych<br><\/strong>Autorzy: O. Osawaru, A. Migda\u0142, A. Zgudka, P. Niewiadomski, D. Kubica, M. Walkiewicz, D. Mierzwa, M. Odrow\u0105\u017c-Sypniewski<\/p><p>Numer:<strong> P-445006<br><\/strong>Data zg\u0142oszenia: 25.05.2023<br><strong>Biodegradowalny kompozyt na bazie spienionej biomasy pochodzenia ro\u015blinnego, ewentualnie o w\u0142a\u015bciwo\u015bciach higienizuj\u0105cych<\/strong><br>Autorzy: I. Grzywa-Niksi\u0144ska, M. Macha\u0142owska, I. Legocka<\/p><p>Numer:<strong> P-445007<br><\/strong>Data zg\u0142oszenia: <strong>25.05.2023<br>Spos\u00f3b otrzymywania modyfikowanych aero\u017celi krzemionkowych oraz modyfikator aero\u017celi krzemionkowych<br><\/strong>Autorzy: S. Firlik, I. Legocka, K. Bieniek<\/p><p>Numer:<strong> P-445009<br><\/strong>Data zg\u0142oszenia: 25.05.2023<br><strong>Spos\u00f3b otrzymywania modyfikowanej \u017cywicy fenolowo-formaldehydowej oraz kompozycja zmniejszaj\u0105ca palno\u015b\u0107 tworzyw sztucznych<br><\/strong>Autorzy: P. Jankowski, E. G\u00f3recka, W. Pietruszka, I. Legocka<\/p><p>Numer:<strong> P-443848 <br><\/strong>Data zg\u0142oszenia: 20.02.2023<br><strong>Spos\u00f3b jednoczesnego otrzymywania hydrolizatu keratyny i nierozpuszczalnej struktury keratynowej, hydrolizat keratyny oraz nierozpuszczalna struktura keratynowa<br><\/strong>Autorzy: K. Kurzepa, J. Janiszewska, D. Scz\u0119sna<\/p><p>Numer:<strong> P-443576<br><\/strong>Data zg\u0142oszenia: 2025.01.2023<strong><br>Spos\u00f3b fibrylacji bia\u0142ek lub peptyd\u00f3w<\/strong><br>Autorzy: M. Krzek, K. Markiewicz, J. Lach<\/p><p>Numer:<strong> P-443241 <br><\/strong>Data zg\u0142oszenia: 22.12.2022<br><strong>Spos\u00f3b wytwarzania biopolimeru. spos\u00f3b otrzymywania modyfikatora, modyfikator p3HB, spos\u00f3b modyfikowania wysokocz\u0105steczkowego poli-3-hydroksyma\u015blanu, kompozycja biodegradowalna <br><\/strong>Autorzy: I. Legocka, W. Pietruszka, J. Trzaskowska, M. Cybulski, A. Owoc, J. Tobiasz<\/p><p>Numer:<strong> P-443240 <br><\/strong>Data zg\u0142oszenia: 22.12.2022<br><strong>Plazmid, fragment plazmidu, kaseta ekspresysjna, zastosowanie kasety, spos\u00f3b otrzymywania polipeptydu w prokariotycznym gospodarzu, zastosowanie plazmidu, spos\u00f3b otrzymywania poli-3-hydroksyma\u015blanu<br><\/strong>Autorzy: W. \u015awi\u0119tnicki, O. Roubinek, D. Chudy, R. Kurek, K. Kozak, J. Chojniak-Gronek, P. Kiery\u0142, M. Krzek, D. Mikiewicz, A. Romanik- Chru\u015bcielewska, N. \u0141ukasiewicz, I. Soko\u0142owska, K. Florys-Jankowska, M. St\u0119pniewski, M. Kubiszewski, M. Cybulski, P. Krzeczy\u0144ski, O. Michalak, J. Janiszewska<\/p><p>Numer:<strong> P-443234<br><\/strong>Data zg\u0142oszenia: 22.12.2022<br><strong>Spos\u00f3b otrzymywania poli-3-hydroksyma\u015blanu, spos\u00f3b wytwarzania biopolimeru niskocz\u0105steczkowego poli-3-hydroksyma\u015blanu, po\u017cywka M9, po\u017cywka GMS, zastosowanie po\u017cywki M9 z EDTA oraz po0\u017cywki GMS do hodowli mikroorganizm\u00f3w<br><\/strong>Autorzy: W. \u015awi\u0119tnicki, O. Roubinek, D. Chudy, R. Kurek, K. Kozak, J. Chojniak-Gronek, P. Kiery\u0142, M. Krzek, D. Mikiewicz, A. Romanik-Chru\u015bcielewska, N. \u0141ukasiewicz, I. Soko\u0142owska, K. Florys-Jankowska, M. St\u0119pniewski, M. Kubiszewski, M. Cybulski,P. Krzeczy\u0144ski, O. Michalak, J. Janiszewska <\/p><p>Numer:<strong> P-442432<br><\/strong>Data zg\u0142oszenia: 30.09.2022<br><strong>Elektrochemiczny spos\u00f3b pomiaru zawarto\u015bci gazowego tlenku w\u0119gla w gazowym wodorze<br><\/strong>Autorzy: M. Soszko, J. Lach, K. Wr\u00f3bel, D. Kolasa, S. Luchci\u0144ska, W. Tokarz<\/p>\t\t\t\t\t\t\t\t<\/div>\n\t\t\t\t<\/div>\n\t\t\t\t\t<\/div>\n\t\t<\/div>\n\t\t\t\t\t<\/div>\n\t\t<\/section>\n\t\t\t\t<section class=\"elementor-section elementor-top-section elementor-element elementor-element-508045a elementor-section-boxed elementor-section-height-default elementor-section-height-default\" data-id=\"508045a\" data-element_type=\"section\" data-e-type=\"section\">\n\t\t\t\t\t\t<div class=\"elementor-container elementor-column-gap-default\">\n\t\t\t\t\t<div class=\"elementor-column elementor-col-100 elementor-top-column elementor-element elementor-element-56d4763\" data-id=\"56d4763\" data-element_type=\"column\" data-e-type=\"column\">\n\t\t\t<div class=\"elementor-widget-wrap elementor-element-populated\">\n\t\t\t\t\t\t<div class=\"elementor-element elementor-element-ddf4838 elementor-widget-divider--view-line elementor-widget elementor-widget-divider\" data-id=\"ddf4838\" data-element_type=\"widget\" data-e-type=\"widget\" data-widget_type=\"divider.default\">\n\t\t\t\t<div class=\"elementor-widget-container\">\n\t\t\t\t\t\t\t<div class=\"elementor-divider\">\n\t\t\t<span class=\"elementor-divider-separator\">\n\t\t\t\t\t\t<\/span>\n\t\t<\/div>\n\t\t\t\t\t\t<\/div>\n\t\t\t\t<\/div>\n\t\t\t\t\t<\/div>\n\t\t<\/div>\n\t\t\t\t\t<\/div>\n\t\t<\/section>\n\t\t\t\t<section class=\"elementor-section elementor-top-section elementor-element elementor-element-60b9208 elementor-section-boxed elementor-section-height-default elementor-section-height-default\" data-id=\"60b9208\" data-element_type=\"section\" data-e-type=\"section\">\n\t\t\t\t\t\t<div class=\"elementor-container elementor-column-gap-default\">\n\t\t\t\t\t<div class=\"elementor-column elementor-col-100 elementor-top-column elementor-element elementor-element-aa29c7d\" data-id=\"aa29c7d\" data-element_type=\"column\" data-e-type=\"column\">\n\t\t\t<div class=\"elementor-widget-wrap elementor-element-populated\">\n\t\t\t\t\t\t<div class=\"elementor-element elementor-element-cf7e437 elementor-align-right elementor-widget elementor-widget-button\" data-id=\"cf7e437\" data-element_type=\"widget\" data-e-type=\"widget\" data-widget_type=\"button.default\">\n\t\t\t\t<div class=\"elementor-widget-container\">\n\t\t\t\t\t\t\t\t\t<div class=\"elementor-button-wrapper\">\n\t\t\t\t\t<a class=\"elementor-button elementor-button-link elementor-size-sm\" href=\"#\">\n\t\t\t\t\t\t<span class=\"elementor-button-content-wrapper\">\n\t\t\t\t\t\t<span class=\"elementor-button-icon\">\n\t\t\t\t<i aria-hidden=\"true\" class=\"fas fa-long-arrow-alt-up\"><\/i>\t\t\t<\/span>\n\t\t\t\t\t\t\t\t\t<span class=\"elementor-button-text\">UP<\/span>\n\t\t\t\t\t<\/span>\n\t\t\t\t\t<\/a>\n\t\t\t\t<\/div>\n\t\t\t\t\t\t\t\t<\/div>\n\t\t\t\t<\/div>\n\t\t\t\t\t<\/div>\n\t\t<\/div>\n\t\t\t\t\t<\/div>\n\t\t<\/section>\n\t\t\t\t<\/div>\n\t\t","protected":false},"excerpt":{"rendered":"<p>Patent applications status as of 26 I 2026 Numer: P-454180Data zg\u0142oszenia: 19.12.2025Modyfikowany granulat polichlorku winylu o w\u0142a\u015bciwo\u015bciach antyelektrostatycznychAutorzy: P. Kropid\u0142owska, E. Irzma\u0144ska, M. Kumosi\u0144ski, A. Abramowicz, M. Kaczorowski, S. Paw\u0142owski (Zg\u0142oszenie wsp\u00f3lne z: Centralnym Instytutem Ochrony Pracy &#8211; PIB) Numer: P-453971Data zg\u0142oszenia: 04.12.2025Spos\u00f3b wytwarzania kompozytowej pow\u0142oki Autorzy: \u0141. Paw\u0142owski., D. Alabi, K.Roli\u0144ska\u00a0(Zg\u0142oszenie wsp\u00f3lne z: Politechnik\u0105 [&hellip;]<\/p>\n","protected":false},"author":123,"featured_media":0,"parent":0,"menu_order":0,"comment_status":"closed","ping_status":"closed","template":"","meta":{"_acf_changed":false,"_seopress_robots_primary_cat":"","_seopress_titles_title":"","_seopress_titles_desc":"","_seopress_robots_index":"","inline_featured_image":false,"footnotes":""},"class_list":["post-20253","page","type-page","status-publish","hentry"],"acf":[],"publishpress_future_action":{"enabled":false,"date":"2026-04-16 16:06:17","action":"change-status","newStatus":"draft","terms":[],"taxonomy":"translation_priority","extraData":[]},"publishpress_future_workflow_manual_trigger":{"enabledWorkflows":[]},"_links":{"self":[{"href":"https:\/\/ichp.lukasiewicz.gov.pl\/en\/wp-json\/wp\/v2\/pages\/20253","targetHints":{"allow":["GET"]}}],"collection":[{"href":"https:\/\/ichp.lukasiewicz.gov.pl\/en\/wp-json\/wp\/v2\/pages"}],"about":[{"href":"https:\/\/ichp.lukasiewicz.gov.pl\/en\/wp-json\/wp\/v2\/types\/page"}],"author":[{"embeddable":true,"href":"https:\/\/ichp.lukasiewicz.gov.pl\/en\/wp-json\/wp\/v2\/users\/123"}],"replies":[{"embeddable":true,"href":"https:\/\/ichp.lukasiewicz.gov.pl\/en\/wp-json\/wp\/v2\/comments?post=20253"}],"version-history":[{"count":5,"href":"https:\/\/ichp.lukasiewicz.gov.pl\/en\/wp-json\/wp\/v2\/pages\/20253\/revisions"}],"predecessor-version":[{"id":32577,"href":"https:\/\/ichp.lukasiewicz.gov.pl\/en\/wp-json\/wp\/v2\/pages\/20253\/revisions\/32577"}],"wp:attachment":[{"href":"https:\/\/ichp.lukasiewicz.gov.pl\/en\/wp-json\/wp\/v2\/media?parent=20253"}],"curies":[{"name":"wp","href":"https:\/\/api.w.org\/{rel}","templated":true}]}}